{"id":25103081,"date":"2025-12-04T18:55:49","date_gmt":"2025-12-04T17:55:49","guid":{"rendered":"https:\/\/enjoybeauty.eu\/?post_type=product&#038;p=25103081"},"modified":"2025-12-04T19:08:59","modified_gmt":"2025-12-04T18:08:59","slug":"azzaro-wanted","status":"publish","type":"product","link":"https:\/\/enjoybeauty.eu\/fr\/produit\/azzaro-wanted\/","title":{"rendered":"Azzaro \u2013 Wanted"},"content":{"rendered":"<p><span data-sheets-root=\"1\">Azzaro Wanted incarne l\u2019homme audacieux et charismatique, qui vit selon ses propres r\u00e8gles et affiche une confiance naturelle. D\u00e8s les premi\u00e8res secondes, la fragrance explose dans un accord frais et \u00e9nergisant m\u00ealant citron p\u00e9tillant, menthe, gingembre et lavande.<\/p>\n<p>Elle \u00e9volue ensuite vers un c\u0153ur chaleureux et \u00e9pic\u00e9 port\u00e9 par la cardamome, le gen\u00e9vrier et une touche fruit\u00e9e de pomme, offrant une signature olfactive dynamique et s\u00e9ductrice.<\/p>\n<p>En fond, le parfum r\u00e9v\u00e8le toute sa profondeur : un m\u00e9lange sensuel de v\u00e9tiver d\u2019Ha\u00efti, de bois d\u2019ambre et de f\u00e8ve tonka, qui apporte chaleur, intensit\u00e9 et long\u00e9vit\u00e9 au sillage.<\/p>\n<p>Polyvalent et attirant sans en faire trop, Azzaro Wanted est id\u00e9al pour accompagner l\u2019homme moderne au quotidien comme en soir\u00e9e \u2014 s\u00fbr de lui, ind\u00e9pendant et naturellement captivant.<\/span><\/p>\n<p>&nbsp;<\/p>\n<div id=\"message-list_1764834570.875099\" class=\"c-virtual_list__item\" tabindex=\"0\" role=\"listitem\" aria-setsize=\"-1\" data-qa=\"virtual-list-item\" data-item-key=\"1764834570.875099\">\n<div class=\"c-message_kit__background c-message_kit__background--hovered p-message_pane_message__message c-message_kit__message\" role=\"presentation\" data-qa=\"message_container\" data-qa-unprocessed=\"false\" data-qa-placeholder=\"false\">\n<div class=\"c-message_kit__hover c-message_kit__hover--hovered\" role=\"document\" aria-roledescription=\"message\" data-qa-hover=\"true\">\n<div class=\"c-message_kit__actions c-message_kit__actions--above\">\n<div class=\"c-message_kit__gutter\">\n<div class=\"c-message_kit__gutter__right\" role=\"presentation\" data-qa=\"message_content\">\n<div class=\"c-message_kit__blocks c-message_kit__blocks--rich_text\">\n<div class=\"c-message__message_blocks c-message__message_blocks--rich_text\" data-qa=\"message-text\">\n<div class=\"p-block_kit_renderer\" data-qa=\"block-kit-renderer\">\n<div class=\"p-block_kit_renderer__block_wrapper p-block_kit_renderer__block_wrapper--first\">\n<div class=\"p-rich_text_block\" dir=\"auto\">\n<div class=\"p-rich_text_section\"><i data-stringify-type=\"italic\">N&rsquo;h\u00e9sitez pas \u00e0 vous inscrire gratuitement \u00e0 notre newsletter pour rester inform\u00e9 de nos derni\u00e8res actualit\u00e9s et de nos conseils.<\/i><\/div>\n<\/div>\n<\/div>\n<\/div>\n<\/div>\n<\/div>\n<\/div>\n<\/div>\n<div class=\"c-message_actions__container c-message__actions\" role=\"group\">\n<div class=\"c-message_actions__group\" role=\"group\" aria-label=\"Message actions\" data-qa=\"message-actions\"><\/div>\n<\/div>\n<\/div>\n<\/div>\n<\/div>\n<\/div>\n<div id=\"message-list_1764850446.411999\" class=\"c-virtual_list__item\" tabindex=\"-1\" role=\"listitem\" aria-label=\"Mohd Nadeem. Clinique \u2013 Moisture Surge 100H At 5:44 PM.\" aria-setsize=\"-1\" data-qa=\"virtual-list-item\" data-item-key=\"1764850446.411999\">\n<div class=\"c-message_kit__background p-message_pane_message__message c-message_kit__message\" role=\"presentation\" data-qa=\"message_container\" data-qa-unprocessed=\"false\" data-qa-placeholder=\"false\">\n<div class=\"c-message_kit__hover\" role=\"document\" aria-roledescription=\"message\" data-qa-hover=\"true\">\n<div class=\"c-message_kit__actions c-message_kit__actions--default\">\n<div class=\"c-message_kit__gutter\">\n<div class=\"c-message_kit__gutter__left\" role=\"presentation\" data-stringify-ignore=\"true\"><\/div>\n<\/div>\n<\/div>\n<\/div>\n<\/div>\n<\/div>\n","protected":false},"excerpt":{"rendered":"<p><span data-sheets-root=\"1\">Azzaro Wanted est une eau de toilette masculine audacieuse et affirm\u00e9e, alliant fra\u00eecheur d\u2019agrumes et profondeur bois\u00e9e. Ses notes de t\u00eate de citron, gingembre, menthe et lavande offrent une ouverture vivifiante, tandis que le c\u0153ur \u00e9pic\u00e9 et la base chaude au v\u00e9tiver, bois d\u2019ambre et f\u00e8ve tonka laissent un sillage \u00e9l\u00e9gant, s\u00e9duisant et r\u00e9solument viril.<\/p>\n<p>R\u00e9servez ce produit dans l&rsquo;une de <a class=\"in-cell-link\" href=\"https:\/\/enjoybeauty.eu\/fr\/parfumeries-instituts\/\" target=\"_blank\" rel=\"noopener\">nos boutiques affili\u00e9es<\/a>, et recevez une surprise lors de l&rsquo;enl\u00e8vement.<\/span><\/p>\n","protected":false},"featured_media":25102682,"template":"","meta":{"_acf_changed":false,"_et_pb_use_builder":"","_et_pb_old_content":"","_et_gb_content_width":"","_kad_blocks_custom_css":"","_kad_blocks_head_custom_js":"","_kad_blocks_body_custom_js":"","_kad_blocks_footer_custom_js":""},"product_brand":[],"product_cat":[1133,722],"product_tag":[],"class_list":{"0":"post-25103081","1":"product","2":"type-product","3":"status-publish","4":"has-post-thumbnail","6":"product_cat-azzaro-fr","7":"product_cat-best-seller-fr","9":"first","10":"instock","11":"shipping-taxable","12":"purchasable","13":"product-type-variable"},"acf":[],"yoast_head":"<!-- This site is optimized with the Yoast SEO plugin v23.1 - https:\/\/yoast.com\/wordpress\/plugins\/seo\/ -->\n<title>Azzaro Wanted \u2013 Eau de toilette homme<\/title>\n<meta name=\"description\" content=\"Eau de toilette Azzaro Wanted : fra\u00eeche, \u00e9pic\u00e9e et bois\u00e9e. Un parfum masculin audacieux pour un sillage captivant et moderne.\" \/>\n<meta name=\"robots\" content=\"index, follow, max-snippet:-1, max-image-preview:large, max-video-preview:-1\" \/>\n<link rel=\"canonical\" href=\"https:\/\/enjoybeauty.eu\/fr\/produit\/azzaro-wanted\/\" \/>\n<meta property=\"og:locale\" content=\"fr_FR\" \/>\n<meta property=\"og:type\" content=\"article\" \/>\n<meta property=\"og:title\" content=\"Azzaro Wanted \u2013 Eau de toilette homme\" \/>\n<meta property=\"og:description\" content=\"Eau de toilette Azzaro Wanted : fra\u00eeche, \u00e9pic\u00e9e et bois\u00e9e. Un parfum masculin audacieux pour un sillage captivant et moderne.\" \/>\n<meta property=\"og:url\" content=\"https:\/\/enjoybeauty.eu\/fr\/produit\/azzaro-wanted\/\" \/>\n<meta property=\"og:site_name\" content=\"ENJOYBEAUTY\" \/>\n<meta property=\"article:publisher\" content=\"https:\/\/www.facebook.com\/enjoybeautywellbeingNL\/\" \/>\n<meta property=\"article:modified_time\" content=\"2025-12-04T18:08:59+00:00\" \/>\n<meta property=\"og:image\" content=\"https:\/\/enjoybeauty.eu\/wp-content\/uploads\/2025\/12\/azzaro-wanted-2.webp\" \/>\n\t<meta property=\"og:image:width\" content=\"600\" \/>\n\t<meta property=\"og:image:height\" content=\"600\" \/>\n\t<meta property=\"og:image:type\" content=\"image\/webp\" \/>\n<meta name=\"twitter:card\" content=\"summary_large_image\" \/>\n<meta name=\"twitter:label1\" content=\"Dur\u00e9e de lecture estim\u00e9e\" \/>\n\t<meta name=\"twitter:data1\" content=\"1 minute\" \/>\n<script type=\"application\/ld+json\" class=\"yoast-schema-graph\">{\"@context\":\"https:\/\/schema.org\",\"@graph\":[{\"@type\":\"WebPage\",\"@id\":\"https:\/\/enjoybeauty.eu\/fr\/produit\/azzaro-wanted\/\",\"url\":\"https:\/\/enjoybeauty.eu\/fr\/produit\/azzaro-wanted\/\",\"name\":\"Azzaro Wanted \u2013 Eau de toilette homme\",\"isPartOf\":{\"@id\":\"https:\/\/enjoybeauty.eu\/fr\/#website\"},\"primaryImageOfPage\":{\"@id\":\"https:\/\/enjoybeauty.eu\/fr\/produit\/azzaro-wanted\/#primaryimage\"},\"image\":{\"@id\":\"https:\/\/enjoybeauty.eu\/fr\/produit\/azzaro-wanted\/#primaryimage\"},\"thumbnailUrl\":\"https:\/\/enjoybeauty.eu\/wp-content\/uploads\/2025\/12\/azzaro-wanted-2.webp\",\"datePublished\":\"2025-12-04T17:55:49+00:00\",\"dateModified\":\"2025-12-04T18:08:59+00:00\",\"description\":\"Eau de toilette Azzaro Wanted : fra\u00eeche, \u00e9pic\u00e9e et bois\u00e9e. Un parfum masculin audacieux pour un sillage captivant et moderne.\",\"breadcrumb\":{\"@id\":\"https:\/\/enjoybeauty.eu\/fr\/produit\/azzaro-wanted\/#breadcrumb\"},\"inLanguage\":\"fr-FR\",\"potentialAction\":[{\"@type\":\"ReadAction\",\"target\":[\"https:\/\/enjoybeauty.eu\/fr\/produit\/azzaro-wanted\/\"]}]},{\"@type\":\"ImageObject\",\"inLanguage\":\"fr-FR\",\"@id\":\"https:\/\/enjoybeauty.eu\/fr\/produit\/azzaro-wanted\/#primaryimage\",\"url\":\"https:\/\/enjoybeauty.eu\/wp-content\/uploads\/2025\/12\/azzaro-wanted-2.webp\",\"contentUrl\":\"https:\/\/enjoybeauty.eu\/wp-content\/uploads\/2025\/12\/azzaro-wanted-2.webp\",\"width\":600,\"height\":600},{\"@type\":\"BreadcrumbList\",\"@id\":\"https:\/\/enjoybeauty.eu\/fr\/produit\/azzaro-wanted\/#breadcrumb\",\"itemListElement\":[{\"@type\":\"ListItem\",\"position\":1,\"name\":\"Shop\",\"item\":\"https:\/\/enjoybeauty.eu\/fr\/shop\/\"},{\"@type\":\"ListItem\",\"position\":2,\"name\":\"Azzaro \u2013 Wanted\"}]},{\"@type\":\"WebSite\",\"@id\":\"https:\/\/enjoybeauty.eu\/fr\/#website\",\"url\":\"https:\/\/enjoybeauty.eu\/fr\/\",\"name\":\"ENJOYBEAUTY\",\"description\":\"Webshop verzorging, make-up &amp; parfums\",\"publisher\":{\"@id\":\"https:\/\/enjoybeauty.eu\/fr\/#organization\"},\"potentialAction\":[{\"@type\":\"SearchAction\",\"target\":{\"@type\":\"EntryPoint\",\"urlTemplate\":\"https:\/\/enjoybeauty.eu\/fr\/?s={search_term_string}\"},\"query-input\":\"required name=search_term_string\"}],\"inLanguage\":\"fr-FR\"},{\"@type\":\"Organization\",\"@id\":\"https:\/\/enjoybeauty.eu\/fr\/#organization\",\"name\":\"Enjoy Beauty Wellbeing\",\"url\":\"https:\/\/enjoybeauty.eu\/fr\/\",\"logo\":{\"@type\":\"ImageObject\",\"inLanguage\":\"fr-FR\",\"@id\":\"https:\/\/enjoybeauty.eu\/fr\/#\/schema\/logo\/image\/\",\"url\":\"https:\/\/enjoybeauty.eu\/wp-content\/uploads\/2023\/11\/logo-ebwellbeing-2-lines-black.svg\",\"contentUrl\":\"https:\/\/enjoybeauty.eu\/wp-content\/uploads\/2023\/11\/logo-ebwellbeing-2-lines-black.svg\",\"width\":480,\"height\":140,\"caption\":\"Enjoy Beauty Wellbeing\"},\"image\":{\"@id\":\"https:\/\/enjoybeauty.eu\/fr\/#\/schema\/logo\/image\/\"},\"sameAs\":[\"https:\/\/www.facebook.com\/enjoybeautywellbeingNL\/\"]}]}<\/script>\n<!-- \/ Yoast SEO plugin. -->","yoast_head_json":{"title":"Azzaro Wanted \u2013 Eau de toilette homme","description":"Eau de toilette Azzaro Wanted : fra\u00eeche, \u00e9pic\u00e9e et bois\u00e9e. Un parfum masculin audacieux pour un sillage captivant et moderne.","robots":{"index":"index","follow":"follow","max-snippet":"max-snippet:-1","max-image-preview":"max-image-preview:large","max-video-preview":"max-video-preview:-1"},"canonical":"https:\/\/enjoybeauty.eu\/fr\/produit\/azzaro-wanted\/","og_locale":"fr_FR","og_type":"article","og_title":"Azzaro Wanted \u2013 Eau de toilette homme","og_description":"Eau de toilette Azzaro Wanted : fra\u00eeche, \u00e9pic\u00e9e et bois\u00e9e. Un parfum masculin audacieux pour un sillage captivant et moderne.","og_url":"https:\/\/enjoybeauty.eu\/fr\/produit\/azzaro-wanted\/","og_site_name":"ENJOYBEAUTY","article_publisher":"https:\/\/www.facebook.com\/enjoybeautywellbeingNL\/","article_modified_time":"2025-12-04T18:08:59+00:00","og_image":[{"width":600,"height":600,"url":"https:\/\/enjoybeauty.eu\/wp-content\/uploads\/2025\/12\/azzaro-wanted-2.webp","type":"image\/webp"}],"twitter_card":"summary_large_image","twitter_misc":{"Dur\u00e9e de lecture estim\u00e9e":"1 minute"},"schema":{"@context":"https:\/\/schema.org","@graph":[{"@type":"WebPage","@id":"https:\/\/enjoybeauty.eu\/fr\/produit\/azzaro-wanted\/","url":"https:\/\/enjoybeauty.eu\/fr\/produit\/azzaro-wanted\/","name":"Azzaro Wanted \u2013 Eau de toilette homme","isPartOf":{"@id":"https:\/\/enjoybeauty.eu\/fr\/#website"},"primaryImageOfPage":{"@id":"https:\/\/enjoybeauty.eu\/fr\/produit\/azzaro-wanted\/#primaryimage"},"image":{"@id":"https:\/\/enjoybeauty.eu\/fr\/produit\/azzaro-wanted\/#primaryimage"},"thumbnailUrl":"https:\/\/enjoybeauty.eu\/wp-content\/uploads\/2025\/12\/azzaro-wanted-2.webp","datePublished":"2025-12-04T17:55:49+00:00","dateModified":"2025-12-04T18:08:59+00:00","description":"Eau de toilette Azzaro Wanted : fra\u00eeche, \u00e9pic\u00e9e et bois\u00e9e. Un parfum masculin audacieux pour un sillage captivant et moderne.","breadcrumb":{"@id":"https:\/\/enjoybeauty.eu\/fr\/produit\/azzaro-wanted\/#breadcrumb"},"inLanguage":"fr-FR","potentialAction":[{"@type":"ReadAction","target":["https:\/\/enjoybeauty.eu\/fr\/produit\/azzaro-wanted\/"]}]},{"@type":"ImageObject","inLanguage":"fr-FR","@id":"https:\/\/enjoybeauty.eu\/fr\/produit\/azzaro-wanted\/#primaryimage","url":"https:\/\/enjoybeauty.eu\/wp-content\/uploads\/2025\/12\/azzaro-wanted-2.webp","contentUrl":"https:\/\/enjoybeauty.eu\/wp-content\/uploads\/2025\/12\/azzaro-wanted-2.webp","width":600,"height":600},{"@type":"BreadcrumbList","@id":"https:\/\/enjoybeauty.eu\/fr\/produit\/azzaro-wanted\/#breadcrumb","itemListElement":[{"@type":"ListItem","position":1,"name":"Shop","item":"https:\/\/enjoybeauty.eu\/fr\/shop\/"},{"@type":"ListItem","position":2,"name":"Azzaro \u2013 Wanted"}]},{"@type":"WebSite","@id":"https:\/\/enjoybeauty.eu\/fr\/#website","url":"https:\/\/enjoybeauty.eu\/fr\/","name":"ENJOYBEAUTY","description":"Webshop verzorging, make-up &amp; parfums","publisher":{"@id":"https:\/\/enjoybeauty.eu\/fr\/#organization"},"potentialAction":[{"@type":"SearchAction","target":{"@type":"EntryPoint","urlTemplate":"https:\/\/enjoybeauty.eu\/fr\/?s={search_term_string}"},"query-input":"required name=search_term_string"}],"inLanguage":"fr-FR"},{"@type":"Organization","@id":"https:\/\/enjoybeauty.eu\/fr\/#organization","name":"Enjoy Beauty Wellbeing","url":"https:\/\/enjoybeauty.eu\/fr\/","logo":{"@type":"ImageObject","inLanguage":"fr-FR","@id":"https:\/\/enjoybeauty.eu\/fr\/#\/schema\/logo\/image\/","url":"https:\/\/enjoybeauty.eu\/wp-content\/uploads\/2023\/11\/logo-ebwellbeing-2-lines-black.svg","contentUrl":"https:\/\/enjoybeauty.eu\/wp-content\/uploads\/2023\/11\/logo-ebwellbeing-2-lines-black.svg","width":480,"height":140,"caption":"Enjoy Beauty Wellbeing"},"image":{"@id":"https:\/\/enjoybeauty.eu\/fr\/#\/schema\/logo\/image\/"},"sameAs":["https:\/\/www.facebook.com\/enjoybeautywellbeingNL\/"]}]}},"taxonomy_info":{"product_cat":[{"value":1133,"label":"Azzaro"},{"value":722,"label":"Best seller"}]},"featured_image_src_large":["https:\/\/enjoybeauty.eu\/wp-content\/uploads\/2025\/12\/azzaro-wanted-2.webp",600,600,false],"author_info":[],"comment_info":"","_links":{"self":[{"href":"https:\/\/enjoybeauty.eu\/fr\/wp-json\/wp\/v2\/product\/25103081","targetHints":{"allow":["GET"]}}],"collection":[{"href":"https:\/\/enjoybeauty.eu\/fr\/wp-json\/wp\/v2\/product"}],"about":[{"href":"https:\/\/enjoybeauty.eu\/fr\/wp-json\/wp\/v2\/types\/product"}],"wp:featuredmedia":[{"embeddable":true,"href":"https:\/\/enjoybeauty.eu\/fr\/wp-json\/wp\/v2\/media\/25102682"}],"wp:attachment":[{"href":"https:\/\/enjoybeauty.eu\/fr\/wp-json\/wp\/v2\/media?parent=25103081"}],"wp:term":[{"taxonomy":"product_brand","embeddable":true,"href":"https:\/\/enjoybeauty.eu\/fr\/wp-json\/wp\/v2\/product_brand?post=25103081"},{"taxonomy":"product_cat","embeddable":true,"href":"https:\/\/enjoybeauty.eu\/fr\/wp-json\/wp\/v2\/product_cat?post=25103081"},{"taxonomy":"product_tag","embeddable":true,"href":"https:\/\/enjoybeauty.eu\/fr\/wp-json\/wp\/v2\/product_tag?post=25103081"}],"curies":[{"name":"wp","href":"https:\/\/api.w.org\/{rel}","templated":true}]}}