{"id":25102822,"date":"2025-12-03T18:17:39","date_gmt":"2025-12-03T17:17:39","guid":{"rendered":"https:\/\/enjoybeauty.eu\/?post_type=product&#038;p=25102822"},"modified":"2025-12-03T18:21:51","modified_gmt":"2025-12-03T17:21:51","slug":"rare-beauty-positive-light-liquid-luminizer","status":"publish","type":"product","link":"https:\/\/enjoybeauty.eu\/fr\/produit\/rare-beauty-positive-light-liquid-luminizer\/","title":{"rendered":"Rare Beauty \u2013 Positive Light Liquid Luminizer"},"content":{"rendered":"<p>Positive Light Liquid Luminizer propose une formule fluide et soyeuse, enrichie en particules de perles r\u00e9fl\u00e9chissant la lumi\u00e8re, ainsi qu\u2019en extraits botaniques (lotus, gard\u00e9nia, n\u00e9nuphar blanc) qui contribuent \u00e0 adoucir et nourrir la peau.<\/p>\n<p>Appliqu\u00e9 sur les zones strat\u00e9giques \u2014 pommettes, arcades des sourcils, ar\u00eate du nez, haut des l\u00e8vres \u2014 il capte la lumi\u00e8re pour donner un fini radieux et \u00ab peau de verre \u00bb, sans effet paillet\u00e9 ni texture granuleuse.<\/p>\n<p>Gr\u00e2ce \u00e0 sa texture l\u00e9g\u00e8re et modulable, l\u2019effet \u00ab glow \u00bb est ajustable : un voile subtil pour un rendu naturel, ou plusieurs couches pour un \u00e9clat plus intense \u2014 id\u00e9al en fonction de l\u2019occasion ou du style recherch\u00e9.<\/p>\n<p>Ce luminizer se fond facilement sur peau nue, se m\u00e9lange bien avec le fond de teint, ou s\u2019applique en finition par-dessus le maquillage sans l\u2019alourdir. Il convient \u00e0 toutes les carnations et \u00e0 de nombreux styles \u2014 du maquillage \u00ab minimaliste &amp; naturel \u00bb au rendu plus \u00ab glamour &amp; lumineux \u00bb.<\/p>\n<p>&nbsp;<\/p>\n<div id=\"message-list_1764763427.739239\" class=\"c-virtual_list__item\" tabindex=\"0\" role=\"listitem\" aria-setsize=\"-1\" data-qa=\"virtual-list-item\" data-item-key=\"1764763427.739239\">\n<div class=\"c-message_kit__background c-message_kit__background--hovered c-message_kit__background--labels c-message_kit__background--labels--pinned p-message_pane_message__message c-message_kit__message\" role=\"presentation\" data-qa=\"message_container\" data-qa-unprocessed=\"false\" data-qa-placeholder=\"false\" data-qa-label=\"pinned\">\n<div class=\"c-message_kit__hover c-message_kit__hover--hovered\" role=\"document\" aria-roledescription=\"message\" data-qa-hover=\"true\">\n<div class=\"c-message_kit__actions c-message_kit__actions--default\">\n<div class=\"p-message_pane_message__message_label c-message_kit__labels c-message_kit__labels--light\">\n<div class=\"c-message_kit__gutter\">\n<div class=\"c-message_kit__gutter__right\" role=\"presentation\" data-qa=\"message_content\">\n<div class=\"c-message_kit__blocks c-message_kit__blocks--rich_text\">\n<div class=\"c-message__message_blocks c-message__message_blocks--rich_text\" data-qa=\"message-text\">\n<div class=\"p-block_kit_renderer\" data-qa=\"block-kit-renderer\">\n<div class=\"p-block_kit_renderer__block_wrapper p-block_kit_renderer__block_wrapper--first\">\n<div class=\"p-rich_text_block\" dir=\"auto\">\n<div class=\"p-rich_text_section\"><i data-stringify-type=\"italic\">N&rsquo;h\u00e9sitez pas \u00e0 vous inscrire gratuitement \u00e0 notre newsletter pour rester inform\u00e9 de nos derni\u00e8res actualit\u00e9s et de nos conseils.<\/i><\/div>\n<\/div>\n<\/div>\n<\/div>\n<\/div>\n<\/div>\n<\/div>\n<\/div>\n<\/div>\n<div class=\"c-message_actions__container c-message__actions\" role=\"group\">\n<div class=\"c-message_actions__group\" role=\"group\" aria-label=\"Message actions\" data-qa=\"message-actions\"><\/div>\n<\/div>\n<\/div>\n<\/div>\n<\/div>\n<\/div>\n<div id=\"message-list_bottomSpacer\" class=\"c-virtual_list__item\" tabindex=\"-1\" role=\"listitem\" aria-setsize=\"-1\" data-qa=\"virtual-list-item\" data-item-key=\"bottomSpacer\"><\/div>\n","protected":false},"excerpt":{"rendered":"<p>Rare Beauty Positive Light Liquid Luminizer est un enlumineur liquide l\u00e9ger qui fond sur la peau pour offrir un \u00e9clat frais, lumineux et modulable \u2014 parfait pour un glow naturel ou un h\u00e2le radieux.<\/p>\n","protected":false},"featured_media":25102821,"template":"","meta":{"_acf_changed":false,"_et_pb_use_builder":"","_et_pb_old_content":"","_et_gb_content_width":"","_kad_blocks_custom_css":"","_kad_blocks_head_custom_js":"","_kad_blocks_body_custom_js":"","_kad_blocks_footer_custom_js":""},"product_brand":[],"product_cat":[1223,723],"product_tag":[],"class_list":{"0":"post-25102822","1":"product","2":"type-product","3":"status-publish","4":"has-post-thumbnail","6":"product_cat-rare-beauty-fr","7":"product_cat-discover-fr","9":"first","10":"instock","11":"shipping-taxable","12":"product-type-simple"},"acf":[],"yoast_head":"<!-- This site is optimized with the Yoast SEO plugin v23.1 - https:\/\/yoast.com\/wordpress\/plugins\/seo\/ -->\n<title>Rare Beauty Positive Light \u2013 Luminizer liquide glow<\/title>\n<meta name=\"description\" content=\"Positive Light Liquid Luminizer de Rare Beauty : enlumineur liquide l\u00e9ger, \u00e9clat modulable et lumineux, fini doux et naturel \u2014 glow peau saine en un instant.\" \/>\n<meta name=\"robots\" content=\"index, follow, max-snippet:-1, max-image-preview:large, max-video-preview:-1\" \/>\n<link rel=\"canonical\" href=\"https:\/\/enjoybeauty.eu\/fr\/produit\/rare-beauty-positive-light-liquid-luminizer\/\" \/>\n<meta property=\"og:locale\" content=\"fr_FR\" \/>\n<meta property=\"og:type\" content=\"article\" \/>\n<meta property=\"og:title\" content=\"Rare Beauty Positive Light \u2013 Luminizer liquide glow\" \/>\n<meta property=\"og:description\" content=\"Positive Light Liquid Luminizer de Rare Beauty : enlumineur liquide l\u00e9ger, \u00e9clat modulable et lumineux, fini doux et naturel \u2014 glow peau saine en un instant.\" \/>\n<meta property=\"og:url\" content=\"https:\/\/enjoybeauty.eu\/fr\/produit\/rare-beauty-positive-light-liquid-luminizer\/\" \/>\n<meta property=\"og:site_name\" content=\"ENJOYBEAUTY\" \/>\n<meta property=\"article:publisher\" content=\"https:\/\/www.facebook.com\/enjoybeautywellbeingNL\/\" \/>\n<meta property=\"article:modified_time\" content=\"2025-12-03T17:21:51+00:00\" \/>\n<meta property=\"og:image\" content=\"https:\/\/enjoybeauty.eu\/wp-content\/uploads\/2025\/12\/rare-beauty-positive-light-liquid-luminizer-4.webp\" \/>\n\t<meta property=\"og:image:width\" content=\"600\" \/>\n\t<meta property=\"og:image:height\" content=\"600\" \/>\n\t<meta property=\"og:image:type\" content=\"image\/webp\" \/>\n<meta name=\"twitter:card\" content=\"summary_large_image\" \/>\n<meta name=\"twitter:label1\" content=\"Dur\u00e9e de lecture estim\u00e9e\" \/>\n\t<meta name=\"twitter:data1\" content=\"2 minutes\" \/>\n<script type=\"application\/ld+json\" class=\"yoast-schema-graph\">{\"@context\":\"https:\/\/schema.org\",\"@graph\":[{\"@type\":\"WebPage\",\"@id\":\"https:\/\/enjoybeauty.eu\/fr\/produit\/rare-beauty-positive-light-liquid-luminizer\/\",\"url\":\"https:\/\/enjoybeauty.eu\/fr\/produit\/rare-beauty-positive-light-liquid-luminizer\/\",\"name\":\"Rare Beauty Positive Light \u2013 Luminizer liquide glow\",\"isPartOf\":{\"@id\":\"https:\/\/enjoybeauty.eu\/fr\/#website\"},\"primaryImageOfPage\":{\"@id\":\"https:\/\/enjoybeauty.eu\/fr\/produit\/rare-beauty-positive-light-liquid-luminizer\/#primaryimage\"},\"image\":{\"@id\":\"https:\/\/enjoybeauty.eu\/fr\/produit\/rare-beauty-positive-light-liquid-luminizer\/#primaryimage\"},\"thumbnailUrl\":\"https:\/\/enjoybeauty.eu\/wp-content\/uploads\/2025\/12\/rare-beauty-positive-light-liquid-luminizer-4.webp\",\"datePublished\":\"2025-12-03T17:17:39+00:00\",\"dateModified\":\"2025-12-03T17:21:51+00:00\",\"description\":\"Positive Light Liquid Luminizer de Rare Beauty : enlumineur liquide l\u00e9ger, \u00e9clat modulable et lumineux, fini doux et naturel \u2014 glow peau saine en un instant.\",\"breadcrumb\":{\"@id\":\"https:\/\/enjoybeauty.eu\/fr\/produit\/rare-beauty-positive-light-liquid-luminizer\/#breadcrumb\"},\"inLanguage\":\"fr-FR\",\"potentialAction\":[{\"@type\":\"ReadAction\",\"target\":[\"https:\/\/enjoybeauty.eu\/fr\/produit\/rare-beauty-positive-light-liquid-luminizer\/\"]}]},{\"@type\":\"ImageObject\",\"inLanguage\":\"fr-FR\",\"@id\":\"https:\/\/enjoybeauty.eu\/fr\/produit\/rare-beauty-positive-light-liquid-luminizer\/#primaryimage\",\"url\":\"https:\/\/enjoybeauty.eu\/wp-content\/uploads\/2025\/12\/rare-beauty-positive-light-liquid-luminizer-4.webp\",\"contentUrl\":\"https:\/\/enjoybeauty.eu\/wp-content\/uploads\/2025\/12\/rare-beauty-positive-light-liquid-luminizer-4.webp\",\"width\":600,\"height\":600,\"caption\":\"Positive Light Liquid Luminizer\"},{\"@type\":\"BreadcrumbList\",\"@id\":\"https:\/\/enjoybeauty.eu\/fr\/produit\/rare-beauty-positive-light-liquid-luminizer\/#breadcrumb\",\"itemListElement\":[{\"@type\":\"ListItem\",\"position\":1,\"name\":\"Shop\",\"item\":\"https:\/\/enjoybeauty.eu\/fr\/shop\/\"},{\"@type\":\"ListItem\",\"position\":2,\"name\":\"Rare Beauty \u2013 Positive Light Liquid Luminizer\"}]},{\"@type\":\"WebSite\",\"@id\":\"https:\/\/enjoybeauty.eu\/fr\/#website\",\"url\":\"https:\/\/enjoybeauty.eu\/fr\/\",\"name\":\"ENJOYBEAUTY\",\"description\":\"Webshop verzorging, make-up &amp; parfums\",\"publisher\":{\"@id\":\"https:\/\/enjoybeauty.eu\/fr\/#organization\"},\"potentialAction\":[{\"@type\":\"SearchAction\",\"target\":{\"@type\":\"EntryPoint\",\"urlTemplate\":\"https:\/\/enjoybeauty.eu\/fr\/?s={search_term_string}\"},\"query-input\":\"required name=search_term_string\"}],\"inLanguage\":\"fr-FR\"},{\"@type\":\"Organization\",\"@id\":\"https:\/\/enjoybeauty.eu\/fr\/#organization\",\"name\":\"Enjoy Beauty Wellbeing\",\"url\":\"https:\/\/enjoybeauty.eu\/fr\/\",\"logo\":{\"@type\":\"ImageObject\",\"inLanguage\":\"fr-FR\",\"@id\":\"https:\/\/enjoybeauty.eu\/fr\/#\/schema\/logo\/image\/\",\"url\":\"https:\/\/enjoybeauty.eu\/wp-content\/uploads\/2023\/11\/logo-ebwellbeing-2-lines-black.svg\",\"contentUrl\":\"https:\/\/enjoybeauty.eu\/wp-content\/uploads\/2023\/11\/logo-ebwellbeing-2-lines-black.svg\",\"width\":480,\"height\":140,\"caption\":\"Enjoy Beauty Wellbeing\"},\"image\":{\"@id\":\"https:\/\/enjoybeauty.eu\/fr\/#\/schema\/logo\/image\/\"},\"sameAs\":[\"https:\/\/www.facebook.com\/enjoybeautywellbeingNL\/\"]}]}<\/script>\n<!-- \/ Yoast SEO plugin. -->","yoast_head_json":{"title":"Rare Beauty Positive Light \u2013 Luminizer liquide glow","description":"Positive Light Liquid Luminizer de Rare Beauty : enlumineur liquide l\u00e9ger, \u00e9clat modulable et lumineux, fini doux et naturel \u2014 glow peau saine en un instant.","robots":{"index":"index","follow":"follow","max-snippet":"max-snippet:-1","max-image-preview":"max-image-preview:large","max-video-preview":"max-video-preview:-1"},"canonical":"https:\/\/enjoybeauty.eu\/fr\/produit\/rare-beauty-positive-light-liquid-luminizer\/","og_locale":"fr_FR","og_type":"article","og_title":"Rare Beauty Positive Light \u2013 Luminizer liquide glow","og_description":"Positive Light Liquid Luminizer de Rare Beauty : enlumineur liquide l\u00e9ger, \u00e9clat modulable et lumineux, fini doux et naturel \u2014 glow peau saine en un instant.","og_url":"https:\/\/enjoybeauty.eu\/fr\/produit\/rare-beauty-positive-light-liquid-luminizer\/","og_site_name":"ENJOYBEAUTY","article_publisher":"https:\/\/www.facebook.com\/enjoybeautywellbeingNL\/","article_modified_time":"2025-12-03T17:21:51+00:00","og_image":[{"width":600,"height":600,"url":"https:\/\/enjoybeauty.eu\/wp-content\/uploads\/2025\/12\/rare-beauty-positive-light-liquid-luminizer-4.webp","type":"image\/webp"}],"twitter_card":"summary_large_image","twitter_misc":{"Dur\u00e9e de lecture estim\u00e9e":"2 minutes"},"schema":{"@context":"https:\/\/schema.org","@graph":[{"@type":"WebPage","@id":"https:\/\/enjoybeauty.eu\/fr\/produit\/rare-beauty-positive-light-liquid-luminizer\/","url":"https:\/\/enjoybeauty.eu\/fr\/produit\/rare-beauty-positive-light-liquid-luminizer\/","name":"Rare Beauty Positive Light \u2013 Luminizer liquide glow","isPartOf":{"@id":"https:\/\/enjoybeauty.eu\/fr\/#website"},"primaryImageOfPage":{"@id":"https:\/\/enjoybeauty.eu\/fr\/produit\/rare-beauty-positive-light-liquid-luminizer\/#primaryimage"},"image":{"@id":"https:\/\/enjoybeauty.eu\/fr\/produit\/rare-beauty-positive-light-liquid-luminizer\/#primaryimage"},"thumbnailUrl":"https:\/\/enjoybeauty.eu\/wp-content\/uploads\/2025\/12\/rare-beauty-positive-light-liquid-luminizer-4.webp","datePublished":"2025-12-03T17:17:39+00:00","dateModified":"2025-12-03T17:21:51+00:00","description":"Positive Light Liquid Luminizer de Rare Beauty : enlumineur liquide l\u00e9ger, \u00e9clat modulable et lumineux, fini doux et naturel \u2014 glow peau saine en un instant.","breadcrumb":{"@id":"https:\/\/enjoybeauty.eu\/fr\/produit\/rare-beauty-positive-light-liquid-luminizer\/#breadcrumb"},"inLanguage":"fr-FR","potentialAction":[{"@type":"ReadAction","target":["https:\/\/enjoybeauty.eu\/fr\/produit\/rare-beauty-positive-light-liquid-luminizer\/"]}]},{"@type":"ImageObject","inLanguage":"fr-FR","@id":"https:\/\/enjoybeauty.eu\/fr\/produit\/rare-beauty-positive-light-liquid-luminizer\/#primaryimage","url":"https:\/\/enjoybeauty.eu\/wp-content\/uploads\/2025\/12\/rare-beauty-positive-light-liquid-luminizer-4.webp","contentUrl":"https:\/\/enjoybeauty.eu\/wp-content\/uploads\/2025\/12\/rare-beauty-positive-light-liquid-luminizer-4.webp","width":600,"height":600,"caption":"Positive Light Liquid Luminizer"},{"@type":"BreadcrumbList","@id":"https:\/\/enjoybeauty.eu\/fr\/produit\/rare-beauty-positive-light-liquid-luminizer\/#breadcrumb","itemListElement":[{"@type":"ListItem","position":1,"name":"Shop","item":"https:\/\/enjoybeauty.eu\/fr\/shop\/"},{"@type":"ListItem","position":2,"name":"Rare Beauty \u2013 Positive Light Liquid Luminizer"}]},{"@type":"WebSite","@id":"https:\/\/enjoybeauty.eu\/fr\/#website","url":"https:\/\/enjoybeauty.eu\/fr\/","name":"ENJOYBEAUTY","description":"Webshop verzorging, make-up &amp; parfums","publisher":{"@id":"https:\/\/enjoybeauty.eu\/fr\/#organization"},"potentialAction":[{"@type":"SearchAction","target":{"@type":"EntryPoint","urlTemplate":"https:\/\/enjoybeauty.eu\/fr\/?s={search_term_string}"},"query-input":"required name=search_term_string"}],"inLanguage":"fr-FR"},{"@type":"Organization","@id":"https:\/\/enjoybeauty.eu\/fr\/#organization","name":"Enjoy Beauty Wellbeing","url":"https:\/\/enjoybeauty.eu\/fr\/","logo":{"@type":"ImageObject","inLanguage":"fr-FR","@id":"https:\/\/enjoybeauty.eu\/fr\/#\/schema\/logo\/image\/","url":"https:\/\/enjoybeauty.eu\/wp-content\/uploads\/2023\/11\/logo-ebwellbeing-2-lines-black.svg","contentUrl":"https:\/\/enjoybeauty.eu\/wp-content\/uploads\/2023\/11\/logo-ebwellbeing-2-lines-black.svg","width":480,"height":140,"caption":"Enjoy Beauty Wellbeing"},"image":{"@id":"https:\/\/enjoybeauty.eu\/fr\/#\/schema\/logo\/image\/"},"sameAs":["https:\/\/www.facebook.com\/enjoybeautywellbeingNL\/"]}]}},"taxonomy_info":{"product_cat":[{"value":1223,"label":"Rare Beauty"},{"value":723,"label":"Discover"}]},"featured_image_src_large":["https:\/\/enjoybeauty.eu\/wp-content\/uploads\/2025\/12\/rare-beauty-positive-light-liquid-luminizer-4.webp",600,600,false],"author_info":[],"comment_info":"","_links":{"self":[{"href":"https:\/\/enjoybeauty.eu\/fr\/wp-json\/wp\/v2\/product\/25102822","targetHints":{"allow":["GET"]}}],"collection":[{"href":"https:\/\/enjoybeauty.eu\/fr\/wp-json\/wp\/v2\/product"}],"about":[{"href":"https:\/\/enjoybeauty.eu\/fr\/wp-json\/wp\/v2\/types\/product"}],"wp:featuredmedia":[{"embeddable":true,"href":"https:\/\/enjoybeauty.eu\/fr\/wp-json\/wp\/v2\/media\/25102821"}],"wp:attachment":[{"href":"https:\/\/enjoybeauty.eu\/fr\/wp-json\/wp\/v2\/media?parent=25102822"}],"wp:term":[{"taxonomy":"product_brand","embeddable":true,"href":"https:\/\/enjoybeauty.eu\/fr\/wp-json\/wp\/v2\/product_brand?post=25102822"},{"taxonomy":"product_cat","embeddable":true,"href":"https:\/\/enjoybeauty.eu\/fr\/wp-json\/wp\/v2\/product_cat?post=25102822"},{"taxonomy":"product_tag","embeddable":true,"href":"https:\/\/enjoybeauty.eu\/fr\/wp-json\/wp\/v2\/product_tag?post=25102822"}],"curies":[{"name":"wp","href":"https:\/\/api.w.org\/{rel}","templated":true}]}}