{"id":25102793,"date":"2025-12-03T15:48:22","date_gmt":"2025-12-03T14:48:22","guid":{"rendered":"https:\/\/enjoybeauty.eu\/?post_type=product&#038;p=25102793"},"modified":"2025-12-03T15:54:16","modified_gmt":"2025-12-03T14:54:16","slug":"therabody-theraface-pro","status":"publish","type":"product","link":"https:\/\/enjoybeauty.eu\/fr\/produit\/therabody-theraface-pro\/","title":{"rendered":"Therabody \u2013 TheraFace Pro"},"content":{"rendered":"<p>Le TheraFace Mask Glo d\u00e9livre un traitement visage complet \u00e0 domicile gr\u00e2ce \u00e0 504 LED m\u00e9dicales r\u00e9parties sur tout le masque, couvrant l\u2019ensemble du visage (y compris zones souvent oubli\u00e9es comme autour des yeux et de la bouche).<\/p>\n<p>En plus de la luminoth\u00e9rapie, le masque int\u00e8gre un massage par vibrations (technologie VibraWave) qui d\u00e9tend le cuir chevelu \/ visage, am\u00e9liore la circulation et renforce les effets relaxants et bien-\u00eatre du soin.<\/p>\n<p>Compact, sans fil et l\u00e9ger (~\u202f514\u202fg), il offre une autonomie suffisante pour plusieurs s\u00e9ances, et la s\u00e9ance standard dure 12\u202fminutes \u2014 ce qui en fait un soin facial \u201cspa\u2011maison\u201d accessible et pratique pour un usage quotidien.<\/p>\n<p>Avec une utilisation r\u00e9guli\u00e8re (par exemple 12\u202fmin\/jour pendant plusieurs semaines), le TheraFace Mask Glo peut aider \u00e0 : att\u00e9nuer rides et ridules, raffermir l\u2019ovale du visage, uniformiser le teint, am\u00e9liorer l\u2019\u00e9clat et la texture de la peau, voire aider \u00e0 limiter l\u2019apparition de nouvelles imperfections<\/p>\n<p>&nbsp;<\/p>\n<div id=\"message-list_1764763427.739239\" class=\"c-virtual_list__item\" tabindex=\"0\" role=\"listitem\" aria-setsize=\"-1\" data-qa=\"virtual-list-item\" data-item-key=\"1764763427.739239\">\n<div class=\"c-message_kit__background c-message_kit__background--hovered c-message_kit__background--labels c-message_kit__background--labels--pinned p-message_pane_message__message c-message_kit__message\" role=\"presentation\" data-qa=\"message_container\" data-qa-unprocessed=\"false\" data-qa-placeholder=\"false\" data-qa-label=\"pinned\">\n<div class=\"c-message_kit__hover c-message_kit__hover--hovered\" role=\"document\" aria-roledescription=\"message\" data-qa-hover=\"true\">\n<div class=\"c-message_kit__actions c-message_kit__actions--default\">\n<div class=\"p-message_pane_message__message_label c-message_kit__labels c-message_kit__labels--light\">\n<div class=\"c-message_kit__gutter\">\n<div class=\"c-message_kit__gutter__right\" role=\"presentation\" data-qa=\"message_content\">\n<div class=\"c-message_kit__blocks c-message_kit__blocks--rich_text\">\n<div class=\"c-message__message_blocks c-message__message_blocks--rich_text\" data-qa=\"message-text\">\n<div class=\"p-block_kit_renderer\" data-qa=\"block-kit-renderer\">\n<div class=\"p-block_kit_renderer__block_wrapper p-block_kit_renderer__block_wrapper--first\">\n<div class=\"p-rich_text_block\" dir=\"auto\">\n<div class=\"p-rich_text_section\"><i data-stringify-type=\"italic\">N&rsquo;h\u00e9sitez pas \u00e0 vous inscrire gratuitement \u00e0 notre newsletter pour rester inform\u00e9 de nos derni\u00e8res actualit\u00e9s et de nos conseils.<\/i><\/div>\n<\/div>\n<\/div>\n<\/div>\n<\/div>\n<\/div>\n<\/div>\n<\/div>\n<\/div>\n<div class=\"c-message_actions__container c-message__actions\" role=\"group\">\n<div class=\"c-message_actions__group\" role=\"group\" aria-label=\"Message actions\" data-qa=\"message-actions\"><\/div>\n<\/div>\n<\/div>\n<\/div>\n<\/div>\n<\/div>\n","protected":false},"excerpt":{"rendered":"<p>Therabody TheraFace Mask Glo est un masque LED sans fil qui combine lumi\u00e8re rouge, infrarouge et bleue + massage doux, pour lisser les rides, raffermir la peau et am\u00e9liorer l\u2019\u00e9clat du teint \u2014 12\u202fminutes par jour suffisent.<\/p>\n","protected":false},"featured_media":25102791,"template":"","meta":{"_acf_changed":false,"_et_pb_use_builder":"","_et_pb_old_content":"","_et_gb_content_width":"","_kad_blocks_custom_css":"","_kad_blocks_head_custom_js":"","_kad_blocks_body_custom_js":"","_kad_blocks_footer_custom_js":""},"product_brand":[],"product_cat":[1216,723],"product_tag":[],"class_list":{"0":"post-25102793","1":"product","2":"type-product","3":"status-publish","4":"has-post-thumbnail","6":"product_cat-therabody-fr","7":"product_cat-discover-fr","9":"first","10":"instock","11":"shipping-taxable","12":"product-type-simple"},"acf":[],"yoast_head":"<!-- This site is optimized with the Yoast SEO plugin v23.1 - https:\/\/yoast.com\/wordpress\/plugins\/seo\/ -->\n<title>Therabody TheraFace Mask Glo \u2013 Masque LED visage<\/title>\n<meta name=\"description\" content=\"Therabody TheraFace Mask Glo : masque LED sans fil avec lumi\u00e8re rouge, bleue et infrarouge + massage \u2014 rides, fermet\u00e9, \u00e9clat \u2014 soin visage SPA maison rapide.\" \/>\n<meta name=\"robots\" content=\"index, follow, max-snippet:-1, max-image-preview:large, max-video-preview:-1\" \/>\n<link rel=\"canonical\" href=\"https:\/\/enjoybeauty.eu\/fr\/produit\/therabody-theraface-pro\/\" \/>\n<meta property=\"og:locale\" content=\"fr_FR\" \/>\n<meta property=\"og:type\" content=\"article\" \/>\n<meta property=\"og:title\" content=\"Therabody TheraFace Mask Glo \u2013 Masque LED visage\" \/>\n<meta property=\"og:description\" content=\"Therabody TheraFace Mask Glo : masque LED sans fil avec lumi\u00e8re rouge, bleue et infrarouge + massage \u2014 rides, fermet\u00e9, \u00e9clat \u2014 soin visage SPA maison rapide.\" \/>\n<meta property=\"og:url\" content=\"https:\/\/enjoybeauty.eu\/fr\/produit\/therabody-theraface-pro\/\" \/>\n<meta property=\"og:site_name\" content=\"ENJOYBEAUTY\" \/>\n<meta property=\"article:publisher\" content=\"https:\/\/www.facebook.com\/enjoybeautywellbeingNL\/\" \/>\n<meta property=\"article:modified_time\" content=\"2025-12-03T14:54:16+00:00\" \/>\n<meta property=\"og:image\" content=\"https:\/\/enjoybeauty.eu\/wp-content\/uploads\/2025\/12\/therabody-theraface-pro-3.webp\" \/>\n\t<meta property=\"og:image:width\" content=\"600\" \/>\n\t<meta property=\"og:image:height\" content=\"600\" \/>\n\t<meta property=\"og:image:type\" content=\"image\/webp\" \/>\n<meta name=\"twitter:card\" content=\"summary_large_image\" \/>\n<meta name=\"twitter:label1\" content=\"Dur\u00e9e de lecture estim\u00e9e\" \/>\n\t<meta name=\"twitter:data1\" content=\"1 minute\" \/>\n<script type=\"application\/ld+json\" class=\"yoast-schema-graph\">{\"@context\":\"https:\/\/schema.org\",\"@graph\":[{\"@type\":\"WebPage\",\"@id\":\"https:\/\/enjoybeauty.eu\/fr\/produit\/therabody-theraface-pro\/\",\"url\":\"https:\/\/enjoybeauty.eu\/fr\/produit\/therabody-theraface-pro\/\",\"name\":\"Therabody TheraFace Mask Glo \u2013 Masque LED visage\",\"isPartOf\":{\"@id\":\"https:\/\/enjoybeauty.eu\/fr\/#website\"},\"primaryImageOfPage\":{\"@id\":\"https:\/\/enjoybeauty.eu\/fr\/produit\/therabody-theraface-pro\/#primaryimage\"},\"image\":{\"@id\":\"https:\/\/enjoybeauty.eu\/fr\/produit\/therabody-theraface-pro\/#primaryimage\"},\"thumbnailUrl\":\"https:\/\/enjoybeauty.eu\/wp-content\/uploads\/2025\/12\/therabody-theraface-pro-3.webp\",\"datePublished\":\"2025-12-03T14:48:22+00:00\",\"dateModified\":\"2025-12-03T14:54:16+00:00\",\"description\":\"Therabody TheraFace Mask Glo : masque LED sans fil avec lumi\u00e8re rouge, bleue et infrarouge + massage \u2014 rides, fermet\u00e9, \u00e9clat \u2014 soin visage SPA maison rapide.\",\"breadcrumb\":{\"@id\":\"https:\/\/enjoybeauty.eu\/fr\/produit\/therabody-theraface-pro\/#breadcrumb\"},\"inLanguage\":\"fr-FR\",\"potentialAction\":[{\"@type\":\"ReadAction\",\"target\":[\"https:\/\/enjoybeauty.eu\/fr\/produit\/therabody-theraface-pro\/\"]}]},{\"@type\":\"ImageObject\",\"inLanguage\":\"fr-FR\",\"@id\":\"https:\/\/enjoybeauty.eu\/fr\/produit\/therabody-theraface-pro\/#primaryimage\",\"url\":\"https:\/\/enjoybeauty.eu\/wp-content\/uploads\/2025\/12\/therabody-theraface-pro-3.webp\",\"contentUrl\":\"https:\/\/enjoybeauty.eu\/wp-content\/uploads\/2025\/12\/therabody-theraface-pro-3.webp\",\"width\":600,\"height\":600},{\"@type\":\"BreadcrumbList\",\"@id\":\"https:\/\/enjoybeauty.eu\/fr\/produit\/therabody-theraface-pro\/#breadcrumb\",\"itemListElement\":[{\"@type\":\"ListItem\",\"position\":1,\"name\":\"Shop\",\"item\":\"https:\/\/enjoybeauty.eu\/fr\/shop\/\"},{\"@type\":\"ListItem\",\"position\":2,\"name\":\"Therabody \u2013 TheraFace Pro\"}]},{\"@type\":\"WebSite\",\"@id\":\"https:\/\/enjoybeauty.eu\/fr\/#website\",\"url\":\"https:\/\/enjoybeauty.eu\/fr\/\",\"name\":\"ENJOYBEAUTY\",\"description\":\"Webshop verzorging, make-up &amp; parfums\",\"publisher\":{\"@id\":\"https:\/\/enjoybeauty.eu\/fr\/#organization\"},\"potentialAction\":[{\"@type\":\"SearchAction\",\"target\":{\"@type\":\"EntryPoint\",\"urlTemplate\":\"https:\/\/enjoybeauty.eu\/fr\/?s={search_term_string}\"},\"query-input\":\"required name=search_term_string\"}],\"inLanguage\":\"fr-FR\"},{\"@type\":\"Organization\",\"@id\":\"https:\/\/enjoybeauty.eu\/fr\/#organization\",\"name\":\"Enjoy Beauty Wellbeing\",\"url\":\"https:\/\/enjoybeauty.eu\/fr\/\",\"logo\":{\"@type\":\"ImageObject\",\"inLanguage\":\"fr-FR\",\"@id\":\"https:\/\/enjoybeauty.eu\/fr\/#\/schema\/logo\/image\/\",\"url\":\"https:\/\/enjoybeauty.eu\/wp-content\/uploads\/2023\/11\/logo-ebwellbeing-2-lines-black.svg\",\"contentUrl\":\"https:\/\/enjoybeauty.eu\/wp-content\/uploads\/2023\/11\/logo-ebwellbeing-2-lines-black.svg\",\"width\":480,\"height\":140,\"caption\":\"Enjoy Beauty Wellbeing\"},\"image\":{\"@id\":\"https:\/\/enjoybeauty.eu\/fr\/#\/schema\/logo\/image\/\"},\"sameAs\":[\"https:\/\/www.facebook.com\/enjoybeautywellbeingNL\/\"]}]}<\/script>\n<!-- \/ Yoast SEO plugin. -->","yoast_head_json":{"title":"Therabody TheraFace Mask Glo \u2013 Masque LED visage","description":"Therabody TheraFace Mask Glo : masque LED sans fil avec lumi\u00e8re rouge, bleue et infrarouge + massage \u2014 rides, fermet\u00e9, \u00e9clat \u2014 soin visage SPA maison rapide.","robots":{"index":"index","follow":"follow","max-snippet":"max-snippet:-1","max-image-preview":"max-image-preview:large","max-video-preview":"max-video-preview:-1"},"canonical":"https:\/\/enjoybeauty.eu\/fr\/produit\/therabody-theraface-pro\/","og_locale":"fr_FR","og_type":"article","og_title":"Therabody TheraFace Mask Glo \u2013 Masque LED visage","og_description":"Therabody TheraFace Mask Glo : masque LED sans fil avec lumi\u00e8re rouge, bleue et infrarouge + massage \u2014 rides, fermet\u00e9, \u00e9clat \u2014 soin visage SPA maison rapide.","og_url":"https:\/\/enjoybeauty.eu\/fr\/produit\/therabody-theraface-pro\/","og_site_name":"ENJOYBEAUTY","article_publisher":"https:\/\/www.facebook.com\/enjoybeautywellbeingNL\/","article_modified_time":"2025-12-03T14:54:16+00:00","og_image":[{"width":600,"height":600,"url":"https:\/\/enjoybeauty.eu\/wp-content\/uploads\/2025\/12\/therabody-theraface-pro-3.webp","type":"image\/webp"}],"twitter_card":"summary_large_image","twitter_misc":{"Dur\u00e9e de lecture estim\u00e9e":"1 minute"},"schema":{"@context":"https:\/\/schema.org","@graph":[{"@type":"WebPage","@id":"https:\/\/enjoybeauty.eu\/fr\/produit\/therabody-theraface-pro\/","url":"https:\/\/enjoybeauty.eu\/fr\/produit\/therabody-theraface-pro\/","name":"Therabody TheraFace Mask Glo \u2013 Masque LED visage","isPartOf":{"@id":"https:\/\/enjoybeauty.eu\/fr\/#website"},"primaryImageOfPage":{"@id":"https:\/\/enjoybeauty.eu\/fr\/produit\/therabody-theraface-pro\/#primaryimage"},"image":{"@id":"https:\/\/enjoybeauty.eu\/fr\/produit\/therabody-theraface-pro\/#primaryimage"},"thumbnailUrl":"https:\/\/enjoybeauty.eu\/wp-content\/uploads\/2025\/12\/therabody-theraface-pro-3.webp","datePublished":"2025-12-03T14:48:22+00:00","dateModified":"2025-12-03T14:54:16+00:00","description":"Therabody TheraFace Mask Glo : masque LED sans fil avec lumi\u00e8re rouge, bleue et infrarouge + massage \u2014 rides, fermet\u00e9, \u00e9clat \u2014 soin visage SPA maison rapide.","breadcrumb":{"@id":"https:\/\/enjoybeauty.eu\/fr\/produit\/therabody-theraface-pro\/#breadcrumb"},"inLanguage":"fr-FR","potentialAction":[{"@type":"ReadAction","target":["https:\/\/enjoybeauty.eu\/fr\/produit\/therabody-theraface-pro\/"]}]},{"@type":"ImageObject","inLanguage":"fr-FR","@id":"https:\/\/enjoybeauty.eu\/fr\/produit\/therabody-theraface-pro\/#primaryimage","url":"https:\/\/enjoybeauty.eu\/wp-content\/uploads\/2025\/12\/therabody-theraface-pro-3.webp","contentUrl":"https:\/\/enjoybeauty.eu\/wp-content\/uploads\/2025\/12\/therabody-theraface-pro-3.webp","width":600,"height":600},{"@type":"BreadcrumbList","@id":"https:\/\/enjoybeauty.eu\/fr\/produit\/therabody-theraface-pro\/#breadcrumb","itemListElement":[{"@type":"ListItem","position":1,"name":"Shop","item":"https:\/\/enjoybeauty.eu\/fr\/shop\/"},{"@type":"ListItem","position":2,"name":"Therabody \u2013 TheraFace Pro"}]},{"@type":"WebSite","@id":"https:\/\/enjoybeauty.eu\/fr\/#website","url":"https:\/\/enjoybeauty.eu\/fr\/","name":"ENJOYBEAUTY","description":"Webshop verzorging, make-up &amp; parfums","publisher":{"@id":"https:\/\/enjoybeauty.eu\/fr\/#organization"},"potentialAction":[{"@type":"SearchAction","target":{"@type":"EntryPoint","urlTemplate":"https:\/\/enjoybeauty.eu\/fr\/?s={search_term_string}"},"query-input":"required name=search_term_string"}],"inLanguage":"fr-FR"},{"@type":"Organization","@id":"https:\/\/enjoybeauty.eu\/fr\/#organization","name":"Enjoy Beauty Wellbeing","url":"https:\/\/enjoybeauty.eu\/fr\/","logo":{"@type":"ImageObject","inLanguage":"fr-FR","@id":"https:\/\/enjoybeauty.eu\/fr\/#\/schema\/logo\/image\/","url":"https:\/\/enjoybeauty.eu\/wp-content\/uploads\/2023\/11\/logo-ebwellbeing-2-lines-black.svg","contentUrl":"https:\/\/enjoybeauty.eu\/wp-content\/uploads\/2023\/11\/logo-ebwellbeing-2-lines-black.svg","width":480,"height":140,"caption":"Enjoy Beauty Wellbeing"},"image":{"@id":"https:\/\/enjoybeauty.eu\/fr\/#\/schema\/logo\/image\/"},"sameAs":["https:\/\/www.facebook.com\/enjoybeautywellbeingNL\/"]}]}},"taxonomy_info":{"product_cat":[{"value":1216,"label":"Therabody"},{"value":723,"label":"Discover"}]},"featured_image_src_large":["https:\/\/enjoybeauty.eu\/wp-content\/uploads\/2025\/12\/therabody-theraface-pro-3.webp",600,600,false],"author_info":[],"comment_info":"","_links":{"self":[{"href":"https:\/\/enjoybeauty.eu\/fr\/wp-json\/wp\/v2\/product\/25102793","targetHints":{"allow":["GET"]}}],"collection":[{"href":"https:\/\/enjoybeauty.eu\/fr\/wp-json\/wp\/v2\/product"}],"about":[{"href":"https:\/\/enjoybeauty.eu\/fr\/wp-json\/wp\/v2\/types\/product"}],"wp:featuredmedia":[{"embeddable":true,"href":"https:\/\/enjoybeauty.eu\/fr\/wp-json\/wp\/v2\/media\/25102791"}],"wp:attachment":[{"href":"https:\/\/enjoybeauty.eu\/fr\/wp-json\/wp\/v2\/media?parent=25102793"}],"wp:term":[{"taxonomy":"product_brand","embeddable":true,"href":"https:\/\/enjoybeauty.eu\/fr\/wp-json\/wp\/v2\/product_brand?post=25102793"},{"taxonomy":"product_cat","embeddable":true,"href":"https:\/\/enjoybeauty.eu\/fr\/wp-json\/wp\/v2\/product_cat?post=25102793"},{"taxonomy":"product_tag","embeddable":true,"href":"https:\/\/enjoybeauty.eu\/fr\/wp-json\/wp\/v2\/product_tag?post=25102793"}],"curies":[{"name":"wp","href":"https:\/\/api.w.org\/{rel}","templated":true}]}}