{"id":25102761,"date":"2025-12-03T14:47:39","date_gmt":"2025-12-03T13:47:39","guid":{"rendered":"https:\/\/enjoybeauty.eu\/?post_type=product&#038;p=25102761"},"modified":"2026-04-09T08:52:32","modified_gmt":"2026-04-09T06:52:32","slug":"skinceuticals-c-e-ferulic","status":"publish","type":"product","link":"https:\/\/enjoybeauty.eu\/fr\/produit\/skinceuticals-c-e-ferulic\/","title":{"rendered":"SkinCeuticals \u2013 C E Ferulic"},"content":{"rendered":"<p>Delina s\u2019ouvre sur une explosion fra\u00eeche et vive : litchi juteux, rhubarbe acidul\u00e9e et bergamote apportent un premier accord p\u00e9tillant et gourmand, qui capture l\u2019attention d\u00e8s la premi\u00e8re vaporisation.<\/p>\n<p>Puis le c\u0153ur floral se d\u00e9ploie \u2014 la rose damascena se m\u00eale \u00e0 des touches florales d\u00e9licates pour r\u00e9v\u00e9ler une f\u00e9minit\u00e9 raffin\u00e9e, douce et romantique.<\/p>\n<p>En fond, une base bois\u00e9e et musqu\u00e9e (cashmeran, musc, v\u00e9tiver) associ\u00e9e \u00e0 la vanille apporte profondeur, chaleur et \u00e9l\u00e9gance au sillage, rendant la fragrance sensuelle, enveloppante et durable.<\/p>\n<p>Delina incarne l\u2019\u00e9quilibre entre douceur fruit\u00e9e, romantisme floral et sophistication bois\u00e9e \u2014 un parfum polyvalent, chic et s\u00e9duisant, id\u00e9al pour une femme qui aime se d\u00e9marquer par une signature \u00e9l\u00e9gante et pleine de caract\u00e8re.<\/p>\n<p>&nbsp;<\/p>\n<div id=\"message-list_1764763427.739239\" class=\"c-virtual_list__item\" tabindex=\"0\" role=\"listitem\" aria-setsize=\"-1\" data-qa=\"virtual-list-item\" data-item-key=\"1764763427.739239\">\n<div class=\"c-message_kit__background c-message_kit__background--hovered c-message_kit__background--labels c-message_kit__background--labels--pinned p-message_pane_message__message c-message_kit__message\" role=\"presentation\" data-qa=\"message_container\" data-qa-unprocessed=\"false\" data-qa-placeholder=\"false\" data-qa-label=\"pinned\">\n<div class=\"c-message_kit__hover c-message_kit__hover--hovered\" role=\"document\" aria-roledescription=\"message\" data-qa-hover=\"true\">\n<div class=\"c-message_kit__actions c-message_kit__actions--default\">\n<div class=\"p-message_pane_message__message_label c-message_kit__labels c-message_kit__labels--light\">\n<div class=\"c-message_kit__gutter\">\n<div class=\"c-message_kit__gutter__right\" role=\"presentation\" data-qa=\"message_content\">\n<div class=\"c-message_kit__blocks c-message_kit__blocks--rich_text\">\n<div class=\"c-message__message_blocks c-message__message_blocks--rich_text\" data-qa=\"message-text\">\n<div class=\"p-block_kit_renderer\" data-qa=\"block-kit-renderer\">\n<div class=\"p-block_kit_renderer__block_wrapper p-block_kit_renderer__block_wrapper--first\">\n<div class=\"p-rich_text_block\" dir=\"auto\">\n<div class=\"p-rich_text_section\"><i data-stringify-type=\"italic\">N&rsquo;h\u00e9sitez pas \u00e0 vous inscrire gratuitement \u00e0 notre newsletter pour rester inform\u00e9 de nos derni\u00e8res actualit\u00e9s et de nos conseils.<\/i><\/div>\n<\/div>\n<\/div>\n<\/div>\n<\/div>\n<\/div>\n<\/div>\n<\/div>\n<\/div>\n<div class=\"c-message_actions__container c-message__actions\" role=\"group\">\n<div class=\"c-message_actions__group\" role=\"group\" aria-label=\"Message actions\" data-qa=\"message-actions\"><\/div>\n<\/div>\n<\/div>\n<\/div>\n<\/div>\n<\/div>\n","protected":false},"excerpt":{"rendered":"<p>Delina de Parfums de Marly est une fragrance florale\u2011fruit\u00e9e \u00e9l\u00e9gante et raffin\u00e9e, port\u00e9e par une rose damascena lumineuse, rehauss\u00e9e de litchi et de rhubarbe \u2014 subtile, f\u00e9minine et pleine de charme.<\/p>\n","protected":false},"featured_media":25102760,"template":"","meta":{"_acf_changed":false,"_et_pb_use_builder":"","_et_pb_old_content":"","_et_gb_content_width":"","_kad_blocks_custom_css":"","_kad_blocks_head_custom_js":"","_kad_blocks_body_custom_js":"","_kad_blocks_footer_custom_js":""},"product_brand":[],"product_cat":[1207,723],"product_tag":[],"class_list":{"0":"post-25102761","1":"product","2":"type-product","3":"status-publish","4":"has-post-thumbnail","6":"product_cat-parfums-de-marly-fr","7":"product_cat-discover-fr","9":"first","10":"instock","11":"shipping-taxable","12":"product-type-simple"},"acf":[],"yoast_head":"<!-- This site is optimized with the Yoast SEO plugin v23.1 - https:\/\/yoast.com\/wordpress\/plugins\/seo\/ -->\n<title>Parfums de Marly Delina \u2013 Eau de parfum femme<\/title>\n<meta name=\"description\" content=\"Delina de Parfums de Marly : parfum floral\u2011fruit\u00e9 aux accents de rose, litchi et vanille \u2014 \u00e9l\u00e9gant, f\u00e9minin et sophistiqu\u00e9.\" \/>\n<meta name=\"robots\" content=\"index, follow, max-snippet:-1, max-image-preview:large, max-video-preview:-1\" \/>\n<link rel=\"canonical\" href=\"https:\/\/enjoybeauty.eu\/fr\/produit\/skinceuticals-c-e-ferulic\/\" \/>\n<meta property=\"og:locale\" content=\"fr_FR\" \/>\n<meta property=\"og:type\" content=\"article\" \/>\n<meta property=\"og:title\" content=\"Parfums de Marly Delina \u2013 Eau de parfum femme\" \/>\n<meta property=\"og:description\" content=\"Delina de Parfums de Marly : parfum floral\u2011fruit\u00e9 aux accents de rose, litchi et vanille \u2014 \u00e9l\u00e9gant, f\u00e9minin et sophistiqu\u00e9.\" \/>\n<meta property=\"og:url\" content=\"https:\/\/enjoybeauty.eu\/fr\/produit\/skinceuticals-c-e-ferulic\/\" \/>\n<meta property=\"og:site_name\" content=\"ENJOYBEAUTY\" \/>\n<meta property=\"article:publisher\" content=\"https:\/\/www.facebook.com\/enjoybeautywellbeingNL\/\" \/>\n<meta property=\"article:modified_time\" content=\"2026-04-09T06:52:32+00:00\" \/>\n<meta property=\"og:image\" content=\"https:\/\/enjoybeauty.eu\/wp-content\/uploads\/2025\/12\/skinceuticals-c-e-ferulic-3.webp\" \/>\n\t<meta property=\"og:image:width\" content=\"600\" \/>\n\t<meta property=\"og:image:height\" content=\"600\" \/>\n\t<meta property=\"og:image:type\" content=\"image\/webp\" \/>\n<meta name=\"twitter:card\" content=\"summary_large_image\" \/>\n<meta name=\"twitter:label1\" content=\"Dur\u00e9e de lecture estim\u00e9e\" \/>\n\t<meta name=\"twitter:data1\" content=\"1 minute\" \/>\n<script type=\"application\/ld+json\" class=\"yoast-schema-graph\">{\"@context\":\"https:\/\/schema.org\",\"@graph\":[{\"@type\":\"WebPage\",\"@id\":\"https:\/\/enjoybeauty.eu\/fr\/produit\/skinceuticals-c-e-ferulic\/\",\"url\":\"https:\/\/enjoybeauty.eu\/fr\/produit\/skinceuticals-c-e-ferulic\/\",\"name\":\"Parfums de Marly Delina \u2013 Eau de parfum femme\",\"isPartOf\":{\"@id\":\"https:\/\/enjoybeauty.eu\/fr\/#website\"},\"primaryImageOfPage\":{\"@id\":\"https:\/\/enjoybeauty.eu\/fr\/produit\/skinceuticals-c-e-ferulic\/#primaryimage\"},\"image\":{\"@id\":\"https:\/\/enjoybeauty.eu\/fr\/produit\/skinceuticals-c-e-ferulic\/#primaryimage\"},\"thumbnailUrl\":\"https:\/\/enjoybeauty.eu\/wp-content\/uploads\/2025\/12\/skinceuticals-c-e-ferulic-3.webp\",\"datePublished\":\"2025-12-03T13:47:39+00:00\",\"dateModified\":\"2026-04-09T06:52:32+00:00\",\"description\":\"Delina de Parfums de Marly : parfum floral\u2011fruit\u00e9 aux accents de rose, litchi et vanille \u2014 \u00e9l\u00e9gant, f\u00e9minin et sophistiqu\u00e9.\",\"breadcrumb\":{\"@id\":\"https:\/\/enjoybeauty.eu\/fr\/produit\/skinceuticals-c-e-ferulic\/#breadcrumb\"},\"inLanguage\":\"fr-FR\",\"potentialAction\":[{\"@type\":\"ReadAction\",\"target\":[\"https:\/\/enjoybeauty.eu\/fr\/produit\/skinceuticals-c-e-ferulic\/\"]}]},{\"@type\":\"ImageObject\",\"inLanguage\":\"fr-FR\",\"@id\":\"https:\/\/enjoybeauty.eu\/fr\/produit\/skinceuticals-c-e-ferulic\/#primaryimage\",\"url\":\"https:\/\/enjoybeauty.eu\/wp-content\/uploads\/2025\/12\/skinceuticals-c-e-ferulic-3.webp\",\"contentUrl\":\"https:\/\/enjoybeauty.eu\/wp-content\/uploads\/2025\/12\/skinceuticals-c-e-ferulic-3.webp\",\"width\":600,\"height\":600,\"caption\":\"SkinCeuticals C E Ferulic\"},{\"@type\":\"BreadcrumbList\",\"@id\":\"https:\/\/enjoybeauty.eu\/fr\/produit\/skinceuticals-c-e-ferulic\/#breadcrumb\",\"itemListElement\":[{\"@type\":\"ListItem\",\"position\":1,\"name\":\"Shop\",\"item\":\"https:\/\/enjoybeauty.eu\/fr\/shop\/\"},{\"@type\":\"ListItem\",\"position\":2,\"name\":\"SkinCeuticals \u2013 C E Ferulic\"}]},{\"@type\":\"WebSite\",\"@id\":\"https:\/\/enjoybeauty.eu\/fr\/#website\",\"url\":\"https:\/\/enjoybeauty.eu\/fr\/\",\"name\":\"ENJOYBEAUTY\",\"description\":\"Webshop verzorging, make-up &amp; parfums\",\"publisher\":{\"@id\":\"https:\/\/enjoybeauty.eu\/fr\/#organization\"},\"potentialAction\":[{\"@type\":\"SearchAction\",\"target\":{\"@type\":\"EntryPoint\",\"urlTemplate\":\"https:\/\/enjoybeauty.eu\/fr\/?s={search_term_string}\"},\"query-input\":\"required name=search_term_string\"}],\"inLanguage\":\"fr-FR\"},{\"@type\":\"Organization\",\"@id\":\"https:\/\/enjoybeauty.eu\/fr\/#organization\",\"name\":\"Enjoy Beauty Wellbeing\",\"url\":\"https:\/\/enjoybeauty.eu\/fr\/\",\"logo\":{\"@type\":\"ImageObject\",\"inLanguage\":\"fr-FR\",\"@id\":\"https:\/\/enjoybeauty.eu\/fr\/#\/schema\/logo\/image\/\",\"url\":\"https:\/\/enjoybeauty.eu\/wp-content\/uploads\/2023\/11\/logo-ebwellbeing-2-lines-black.svg\",\"contentUrl\":\"https:\/\/enjoybeauty.eu\/wp-content\/uploads\/2023\/11\/logo-ebwellbeing-2-lines-black.svg\",\"width\":480,\"height\":140,\"caption\":\"Enjoy Beauty Wellbeing\"},\"image\":{\"@id\":\"https:\/\/enjoybeauty.eu\/fr\/#\/schema\/logo\/image\/\"},\"sameAs\":[\"https:\/\/www.facebook.com\/enjoybeautywellbeingNL\/\"]}]}<\/script>\n<!-- \/ Yoast SEO plugin. -->","yoast_head_json":{"title":"Parfums de Marly Delina \u2013 Eau de parfum femme","description":"Delina de Parfums de Marly : parfum floral\u2011fruit\u00e9 aux accents de rose, litchi et vanille \u2014 \u00e9l\u00e9gant, f\u00e9minin et sophistiqu\u00e9.","robots":{"index":"index","follow":"follow","max-snippet":"max-snippet:-1","max-image-preview":"max-image-preview:large","max-video-preview":"max-video-preview:-1"},"canonical":"https:\/\/enjoybeauty.eu\/fr\/produit\/skinceuticals-c-e-ferulic\/","og_locale":"fr_FR","og_type":"article","og_title":"Parfums de Marly Delina \u2013 Eau de parfum femme","og_description":"Delina de Parfums de Marly : parfum floral\u2011fruit\u00e9 aux accents de rose, litchi et vanille \u2014 \u00e9l\u00e9gant, f\u00e9minin et sophistiqu\u00e9.","og_url":"https:\/\/enjoybeauty.eu\/fr\/produit\/skinceuticals-c-e-ferulic\/","og_site_name":"ENJOYBEAUTY","article_publisher":"https:\/\/www.facebook.com\/enjoybeautywellbeingNL\/","article_modified_time":"2026-04-09T06:52:32+00:00","og_image":[{"width":600,"height":600,"url":"https:\/\/enjoybeauty.eu\/wp-content\/uploads\/2025\/12\/skinceuticals-c-e-ferulic-3.webp","type":"image\/webp"}],"twitter_card":"summary_large_image","twitter_misc":{"Dur\u00e9e de lecture estim\u00e9e":"1 minute"},"schema":{"@context":"https:\/\/schema.org","@graph":[{"@type":"WebPage","@id":"https:\/\/enjoybeauty.eu\/fr\/produit\/skinceuticals-c-e-ferulic\/","url":"https:\/\/enjoybeauty.eu\/fr\/produit\/skinceuticals-c-e-ferulic\/","name":"Parfums de Marly Delina \u2013 Eau de parfum femme","isPartOf":{"@id":"https:\/\/enjoybeauty.eu\/fr\/#website"},"primaryImageOfPage":{"@id":"https:\/\/enjoybeauty.eu\/fr\/produit\/skinceuticals-c-e-ferulic\/#primaryimage"},"image":{"@id":"https:\/\/enjoybeauty.eu\/fr\/produit\/skinceuticals-c-e-ferulic\/#primaryimage"},"thumbnailUrl":"https:\/\/enjoybeauty.eu\/wp-content\/uploads\/2025\/12\/skinceuticals-c-e-ferulic-3.webp","datePublished":"2025-12-03T13:47:39+00:00","dateModified":"2026-04-09T06:52:32+00:00","description":"Delina de Parfums de Marly : parfum floral\u2011fruit\u00e9 aux accents de rose, litchi et vanille \u2014 \u00e9l\u00e9gant, f\u00e9minin et sophistiqu\u00e9.","breadcrumb":{"@id":"https:\/\/enjoybeauty.eu\/fr\/produit\/skinceuticals-c-e-ferulic\/#breadcrumb"},"inLanguage":"fr-FR","potentialAction":[{"@type":"ReadAction","target":["https:\/\/enjoybeauty.eu\/fr\/produit\/skinceuticals-c-e-ferulic\/"]}]},{"@type":"ImageObject","inLanguage":"fr-FR","@id":"https:\/\/enjoybeauty.eu\/fr\/produit\/skinceuticals-c-e-ferulic\/#primaryimage","url":"https:\/\/enjoybeauty.eu\/wp-content\/uploads\/2025\/12\/skinceuticals-c-e-ferulic-3.webp","contentUrl":"https:\/\/enjoybeauty.eu\/wp-content\/uploads\/2025\/12\/skinceuticals-c-e-ferulic-3.webp","width":600,"height":600,"caption":"SkinCeuticals C E Ferulic"},{"@type":"BreadcrumbList","@id":"https:\/\/enjoybeauty.eu\/fr\/produit\/skinceuticals-c-e-ferulic\/#breadcrumb","itemListElement":[{"@type":"ListItem","position":1,"name":"Shop","item":"https:\/\/enjoybeauty.eu\/fr\/shop\/"},{"@type":"ListItem","position":2,"name":"SkinCeuticals \u2013 C E Ferulic"}]},{"@type":"WebSite","@id":"https:\/\/enjoybeauty.eu\/fr\/#website","url":"https:\/\/enjoybeauty.eu\/fr\/","name":"ENJOYBEAUTY","description":"Webshop verzorging, make-up &amp; parfums","publisher":{"@id":"https:\/\/enjoybeauty.eu\/fr\/#organization"},"potentialAction":[{"@type":"SearchAction","target":{"@type":"EntryPoint","urlTemplate":"https:\/\/enjoybeauty.eu\/fr\/?s={search_term_string}"},"query-input":"required name=search_term_string"}],"inLanguage":"fr-FR"},{"@type":"Organization","@id":"https:\/\/enjoybeauty.eu\/fr\/#organization","name":"Enjoy Beauty Wellbeing","url":"https:\/\/enjoybeauty.eu\/fr\/","logo":{"@type":"ImageObject","inLanguage":"fr-FR","@id":"https:\/\/enjoybeauty.eu\/fr\/#\/schema\/logo\/image\/","url":"https:\/\/enjoybeauty.eu\/wp-content\/uploads\/2023\/11\/logo-ebwellbeing-2-lines-black.svg","contentUrl":"https:\/\/enjoybeauty.eu\/wp-content\/uploads\/2023\/11\/logo-ebwellbeing-2-lines-black.svg","width":480,"height":140,"caption":"Enjoy Beauty Wellbeing"},"image":{"@id":"https:\/\/enjoybeauty.eu\/fr\/#\/schema\/logo\/image\/"},"sameAs":["https:\/\/www.facebook.com\/enjoybeautywellbeingNL\/"]}]}},"taxonomy_info":{"product_cat":[{"value":1207,"label":"Parfums de Marly"},{"value":723,"label":"Discover"}]},"featured_image_src_large":["https:\/\/enjoybeauty.eu\/wp-content\/uploads\/2025\/12\/skinceuticals-c-e-ferulic-3.webp",600,600,false],"author_info":[],"comment_info":"","_links":{"self":[{"href":"https:\/\/enjoybeauty.eu\/fr\/wp-json\/wp\/v2\/product\/25102761","targetHints":{"allow":["GET"]}}],"collection":[{"href":"https:\/\/enjoybeauty.eu\/fr\/wp-json\/wp\/v2\/product"}],"about":[{"href":"https:\/\/enjoybeauty.eu\/fr\/wp-json\/wp\/v2\/types\/product"}],"wp:featuredmedia":[{"embeddable":true,"href":"https:\/\/enjoybeauty.eu\/fr\/wp-json\/wp\/v2\/media\/25102760"}],"wp:attachment":[{"href":"https:\/\/enjoybeauty.eu\/fr\/wp-json\/wp\/v2\/media?parent=25102761"}],"wp:term":[{"taxonomy":"product_brand","embeddable":true,"href":"https:\/\/enjoybeauty.eu\/fr\/wp-json\/wp\/v2\/product_brand?post=25102761"},{"taxonomy":"product_cat","embeddable":true,"href":"https:\/\/enjoybeauty.eu\/fr\/wp-json\/wp\/v2\/product_cat?post=25102761"},{"taxonomy":"product_tag","embeddable":true,"href":"https:\/\/enjoybeauty.eu\/fr\/wp-json\/wp\/v2\/product_tag?post=25102761"}],"curies":[{"name":"wp","href":"https:\/\/api.w.org\/{rel}","templated":true}]}}