{"id":21253975,"date":"2024-02-22T15:24:03","date_gmt":"2024-02-22T14:24:03","guid":{"rendered":"https:\/\/www.enjoybeauty.eu\/?page_id=21253975"},"modified":"2025-10-20T14:06:48","modified_gmt":"2025-10-20T12:06:48","slug":"parfums-et-fragrances","status":"publish","type":"page","link":"https:\/\/enjoybeauty.eu\/fr\/guide-beaute\/parfums-et-fragrances\/","title":{"rendered":"Parfums et fragrances"},"content":{"rendered":"<p>[et_pb_section fb_built=\u00a0\u00bb1&Prime; custom_padding_last_edited=\u00a0\u00bbon|phone\u00a0\u00bb admin_label=\u00a0\u00bbsection_header-text\u00a0\u00bb module_class=\u00a0\u00bbheader-padding\u00a0\u00bb _builder_version=\u00a0\u00bb4.24.0&Prime; _module_preset=\u00a0\u00bbdefault\u00a0\u00bb custom_margin=\u00a0\u00bb0px||||false|false\u00a0\u00bb custom_margin_tablet=\u00a0\u00bb75px||||false|false\u00a0\u00bb custom_margin_phone=\u00a0\u00bb25px||||false|false\u00a0\u00bb custom_margin_last_edited=\u00a0\u00bbon|phone\u00a0\u00bb custom_padding=\u00a0\u00bb20px||0px||false|false\u00a0\u00bb custom_padding_tablet=\u00a0\u00bb0px||50px||false|false\u00a0\u00bb custom_padding_phone=\u00a0\u00bb50px||25px||false|false\u00a0\u00bb saved_tabs=\u00a0\u00bball\u00a0\u00bb locked=\u00a0\u00bboff\u00a0\u00bb global_colors_info=\u00a0\u00bb{}\u00a0\u00bb][et_pb_row _builder_version=\u00a0\u00bb4.24.0&Prime; _module_preset=\u00a0\u00bb109bd0ca-5327-48ef-ab51-129a4a93e342&Prime; width=\u00a0\u00bb90%\u00a0\u00bb custom_padding=\u00a0\u00bb0px||0px||false|false\u00a0\u00bb global_colors_info=\u00a0\u00bb{}\u00a0\u00bb][et_pb_column type=\u00a0\u00bb4_4&Prime; _builder_version=\u00a0\u00bb4.24.0&Prime; _module_preset=\u00a0\u00bbdefault\u00a0\u00bb global_colors_info=\u00a0\u00bb{}\u00a0\u00bb][dipi_breadcrumbs bc_separator=\u00a0\u00bbsymbol\u00a0\u00bb bc_separator_sysmbol=\u00a0\u00bb\/\u00a0\u00bb bc_item_bg_color=\u00a0\u00bbRGBA(255,255,255,0)\u00a0\u00bb _builder_version=\u00a0\u00bb4.27.0&Prime; _module_preset=\u00a0\u00bbdefault\u00a0\u00bb items_font=\u00a0\u00bb||||||||\u00a0\u00bb items_text_color=\u00a0\u00bb#A5A5A5&Prime; items_font_size=\u00a0\u00bb14px\u00a0\u00bb hover_text_color=\u00a0\u00bb#A5A5A5&Prime; active_text_color=\u00a0\u00bb#A5A5A5&Prime; global_colors_info=\u00a0\u00bb{}\u00a0\u00bb hover_text_color__hover_enabled=\u00a0\u00bbon|desktop\u00a0\u00bb active_text_color__hover_enabled=\u00a0\u00bbon|hover\u00a0\u00bb active_text_color__hover=\u00a0\u00bb#C7A160&Prime; hover_text_color__hover=\u00a0\u00bb#C7A160&Prime; items_text_color__hover_enabled=\u00a0\u00bbon|hover\u00a0\u00bb items_text_color__hover=\u00a0\u00bb#C7A160&Prime;][\/dipi_breadcrumbs][\/et_pb_column][\/et_pb_row][et_pb_row custom_padding_last_edited=\u00a0\u00bbon|phone\u00a0\u00bb _builder_version=\u00a0\u00bb4.24.0&Prime; _module_preset=\u00a0\u00bb109bd0ca-5327-48ef-ab51-129a4a93e342&Prime; width=\u00a0\u00bb90%\u00a0\u00bb width_tablet=\u00a0\u00bb90%\u00a0\u00bb width_phone=\u00a0\u00bb90%\u00a0\u00bb width_last_edited=\u00a0\u00bbon|phone\u00a0\u00bb max_width=\u00a0\u00bb1080px\u00a0\u00bb max_width_tablet=\u00a0\u00bb1080px\u00a0\u00bb max_width_phone=\u00a0\u00bb1080px\u00a0\u00bb max_width_last_edited=\u00a0\u00bbon|tablet\u00a0\u00bb custom_padding=\u00a0\u00bb60px||30px||false|false\u00a0\u00bb custom_padding_tablet=\u00a0\u00bb40px||0px||false|false\u00a0\u00bb custom_padding_phone=\u00a0\u00bb30px||||false|false\u00a0\u00bb global_colors_info=\u00a0\u00bb{}\u00a0\u00bb][et_pb_column type=\u00a0\u00bb4_4&Prime; _builder_version=\u00a0\u00bb4.24.0&Prime; _module_preset=\u00a0\u00bbdefault\u00a0\u00bb global_colors_info=\u00a0\u00bb{}\u00a0\u00bb][et_pb_text _builder_version=\u00a0\u00bb4.24.0&Prime; _module_preset=\u00a0\u00bb5ebac7f8-806a-4b69-8e46-6b78d78ce6fa\u00a0\u00bb text_orientation=\u00a0\u00bbcenter\u00a0\u00bb custom_margin_tablet=\u00a0\u00bb||20px||false|false\u00a0\u00bb custom_margin_phone=\u00a0\u00bb||20px||false|false\u00a0\u00bb custom_margin_last_edited=\u00a0\u00bbon|phone\u00a0\u00bb global_colors_info=\u00a0\u00bb{}\u00a0\u00bb]<\/p>\n<h1>Parfums et fragrances<\/h1>\n<p>[\/et_pb_text][et_pb_text disabled_on=\u00a0\u00bbon|on|off\u00a0\u00bb _builder_version=\u00a0\u00bb4.24.0&Prime; _module_preset=\u00a0\u00bb5ebac7f8-806a-4b69-8e46-6b78d78ce6fa\u00a0\u00bb text_orientation=\u00a0\u00bbcenter\u00a0\u00bb global_colors_info=\u00a0\u00bb{}\u00a0\u00bb]D\u00e9couvrez nos astuces et conseils beaut\u00e9, o\u00f9 nous nous concentrons sur des parfums et des fragrances qui compl\u00e8tent votre style personnel et stimulent vos sens. Laissez nos conseils d\u2019experts vous guider dans la s\u00e9lection du parfum parfait qui non seulement rehaussera votre pr\u00e9sence mais laissera \u00e9galement une impression durable.[\/et_pb_text][\/et_pb_column][\/et_pb_row][\/et_pb_section][et_pb_section fb_built=\u00a0\u00bb1&Prime; _builder_version=\u00a0\u00bb4.24.0&Prime; _module_preset=\u00a0\u00bbdefault\u00a0\u00bb custom_padding=\u00a0\u00bb0px||||false|false\u00a0\u00bb global_colors_info=\u00a0\u00bb{}\u00a0\u00bb][et_pb_row use_custom_gutter=\u00a0\u00bbon\u00a0\u00bb gutter_width=\u00a0\u00bb1&Prime; _builder_version=\u00a0\u00bb4.24.0&Prime; _module_preset=\u00a0\u00bbe23bd294-2816-4885-9f2d-dc1c9f34afe6&Prime; width_tablet=\u00a0\u00bb95%\u00a0\u00bb width_phone=\u00a0\u00bb100%\u00a0\u00bb width_last_edited=\u00a0\u00bbon|phone\u00a0\u00bb custom_padding=\u00a0\u00bb0px||||false|false\u00a0\u00bb global_colors_info=\u00a0\u00bb{}\u00a0\u00bb][et_pb_column type=\u00a0\u00bb4_4&Prime; _builder_version=\u00a0\u00bb4.24.0&Prime; _module_preset=\u00a0\u00bbdefault\u00a0\u00bb global_colors_info=\u00a0\u00bb{}\u00a0\u00bb][et_pb_blog posts_number=\u00a0\u00bb6&Prime; include_categories=\u00a0\u00bb691&Prime; show_pagination=\u00a0\u00bbon\u00a0\u00bb hover_overlay_color=\u00a0\u00bbrgba(255,255,255,0.5)\u00a0\u00bb _builder_version=\u00a0\u00bb4.24.0&Prime; _module_preset=\u00a0\u00bb15b01fd7-86d5-4edd-95d8-d8cac6050a61&Prime; header_text_color=\u00a0\u00bb#111111&Prime; global_colors_info=\u00a0\u00bb{}\u00a0\u00bb filter_opacity__hover_enabled=\u00a0\u00bboff|desktop\u00a0\u00bb filter_opacity__hover=\u00a0\u00bb75%\u00a0\u00bb header_text_color__hover_enabled=\u00a0\u00bbon|hover\u00a0\u00bb header_text_color__hover=\u00a0\u00bbrgba(17,17,17,0.6)\u00a0\u00bb border_width_all__hover_enabled=\u00a0\u00bboff|hover\u00a0\u00bb][\/et_pb_blog][\/et_pb_column][\/et_pb_row][\/et_pb_section][et_pb_section fb_built=\u00a0\u00bb1&Prime; custom_padding_last_edited=\u00a0\u00bbon|phone\u00a0\u00bb admin_label=\u00a0\u00bbsection_cta-email\u00a0\u00bb _builder_version=\u00a0\u00bb4.24.0&Prime; _module_preset=\u00a0\u00bbdefault\u00a0\u00bb background_color=\u00a0\u00bb#A5A5A5&Prime; use_background_color_gradient=\u00a0\u00bbon\u00a0\u00bb background_color_gradient_stops=\u00a0\u00bbrgba(17,17,17,0.14) 0%|rgba(17,17,17,0.61) 100%\u00a0\u00bb background_color_gradient_overlays_image=\u00a0\u00bbon\u00a0\u00bb background_image=\u00a0\u00bbhttps:\/\/enjoybeauty.eu\/wp-content\/uploads\/2024\/02\/ea-img-01-1920x1000px.jpg\u00a0\u00bb background_position=\u00a0\u00bbbottom_center\u00a0\u00bb background_vertical_offset=\u00a0\u00bb20%\u00a0\u00bb background_blend=\u00a0\u00bbmultiply\u00a0\u00bb custom_padding=\u00a0\u00bb250px||30px||false|false\u00a0\u00bb custom_padding_tablet=\u00a0\u00bb100px||||false|false\u00a0\u00bb custom_padding_phone=\u00a0\u00bb80px||||false|false\u00a0\u00bb global_colors_info=\u00a0\u00bb{}\u00a0\u00bb disabled_on=\u00a0\u00bbon|on|on\u00a0\u00bb disabled=\u00a0\u00bbon\u00a0\u00bb][et_pb_row _builder_version=\u00a0\u00bb4.24.0&Prime; _module_preset=\u00a0\u00bbe23bd294-2816-4885-9f2d-dc1c9f34afe6&Prime; width_tablet=\u00a0\u00bb80%\u00a0\u00bb width_phone=\u00a0\u00bb80%\u00a0\u00bb width_last_edited=\u00a0\u00bbon|phone\u00a0\u00bb custom_padding=\u00a0\u00bb0px||0px||false|false\u00a0\u00bb global_colors_info=\u00a0\u00bb{}\u00a0\u00bb][et_pb_column type=\u00a0\u00bb4_4&Prime; _builder_version=\u00a0\u00bb4.24.0&Prime; _module_preset=\u00a0\u00bbdefault\u00a0\u00bb global_colors_info=\u00a0\u00bb{}\u00a0\u00bb][et_pb_text _builder_version=\u00a0\u00bb4.24.0&Prime; _module_preset=\u00a0\u00bbd715077b-9559-4cb7-bea6-3fbcd24a3d04&Prime; header_3_text_align=\u00a0\u00bbcenter\u00a0\u00bb header_3_text_color=\u00a0\u00bb#FFFFFF\u00a0\u00bb max_width_tablet=\u00a0\u00bb65%\u00a0\u00bb max_width_phone=\u00a0\u00bb100%\u00a0\u00bb max_width_last_edited=\u00a0\u00bbon|phone\u00a0\u00bb module_alignment=\u00a0\u00bbcenter\u00a0\u00bb custom_margin=\u00a0\u00bb||0px||false|false\u00a0\u00bb custom_padding=\u00a0\u00bb||0px||false|false\u00a0\u00bb global_colors_info=\u00a0\u00bb{}\u00a0\u00bb]<\/p>\n<h3>Abonnez-vous \u00e0 notre newsletter pour rester inform\u00e9e des derni\u00e8res nouveaut\u00e9s<\/h3>\n<p>[\/et_pb_text][et_pb_signup mailchimp_list=\u00a0\u00bbMailChimp2024|10f2009a7d\u00a0\u00bb first_name_field=\u00a0\u00bboff\u00a0\u00bb last_name_field=\u00a0\u00bboff\u00a0\u00bb success_message=\u00a0\u00bbMerci beaucoup de vous \u00eatre inscrit ! Vous devriez recevoir un e-mail sous peu. N&rsquo;oubliez pas de v\u00e9rifier votre dossier spam. Vous pouvez \u00e9galement trouver la parfumerie la plus proche de chez vous ici : https:\/\/enjoybeauty.eu\/over-ons\/\u00a0\u00bb use_spam_service=\u00a0\u00bbon\u00a0\u00bb recaptcha_list=\u00a0\u00bbkeyFromJean|keyFromJean-0&Prime; _builder_version=\u00a0\u00bb4.24.0&Prime; _module_preset=\u00a0\u00bbdefault\u00a0\u00bb result_message_text_color=\u00a0\u00bb#FFFFFF\u00a0\u00bb result_message_font_size=\u00a0\u00bb16px\u00a0\u00bb result_message_line_height=\u00a0\u00bb1.6em\u00a0\u00bb max_width=\u00a0\u00bb30%\u00a0\u00bb custom_margin_tablet=\u00a0\u00bb\u00a0\u00bb custom_margin_phone=\u00a0\u00bb|0px||0px|false|false\u00a0\u00bb custom_margin_last_edited=\u00a0\u00bbon|phone\u00a0\u00bb button_text_color_last_edited=\u00a0\u00bboff|desktop\u00a0\u00bb locked=\u00a0\u00bboff\u00a0\u00bb global_colors_info=\u00a0\u00bb{}\u00a0\u00bb button_bg_color__hover_enabled=\u00a0\u00bbon|desktop\u00a0\u00bb button_bg_color__hover=\u00a0\u00bb#C7A160&Prime; button_border_color__hover=\u00a0\u00bb#C7A160&Prime;][\/et_pb_signup][\/et_pb_column][\/et_pb_row][\/et_pb_section][et_pb_section fb_built=\u00a0\u00bb1&Prime; disabled_on=\u00a0\u00bboff|off|off\u00a0\u00bb _builder_version=\u00a0\u00bb4.27.0&Prime; _module_preset=\u00a0\u00bbdefault\u00a0\u00bb background_color=\u00a0\u00bb#0a0a0a\u00a0\u00bb custom_margin=\u00a0\u00bb||||false|false\u00a0\u00bb custom_padding=\u00a0\u00bb75px||50px||false|false\u00a0\u00bb global_colors_info=\u00a0\u00bb{}\u00a0\u00bb global_module=\u00a0\u00bb25101572&Prime; theme_builder_area=\u00a0\u00bbpost_content\u00a0\u00bb][et_pb_row column_structure=\u00a0\u00bb2_5,3_5&Prime; _builder_version=\u00a0\u00bb4.27.0&Prime; _module_preset=\u00a0\u00bbdefault\u00a0\u00bb custom_margin=\u00a0\u00bb0px||0px||false|false\u00a0\u00bb custom_padding=\u00a0\u00bb0px||0px||false|false\u00a0\u00bb global_colors_info=\u00a0\u00bb{}\u00a0\u00bb theme_builder_area=\u00a0\u00bbpost_content\u00a0\u00bb][et_pb_column type=\u00a0\u00bb2_5&Prime; _builder_version=\u00a0\u00bb4.27.0&Prime; _module_preset=\u00a0\u00bbdefault\u00a0\u00bb global_colors_info=\u00a0\u00bb{}\u00a0\u00bb theme_builder_area=\u00a0\u00bbpost_content\u00a0\u00bb][et_pb_text _builder_version=\u00a0\u00bb4.27.0&Prime; _module_preset=\u00a0\u00bbdefault\u00a0\u00bb text_text_color=\u00a0\u00bb#FFFFFF\u00a0\u00bb header_2_text_color=\u00a0\u00bb#FFFFFF\u00a0\u00bb global_colors_info=\u00a0\u00bb{}\u00a0\u00bb theme_builder_area=\u00a0\u00bbpost_content\u00a0\u00bb]<\/p>\n<h2>Join EnjoyBeauty!<\/h2>\n<p>&nbsp;<\/p>\n<p>Schrijf u in voor onze nieuwsbrief om onze tips, goede idee\u00ebn en nieuws te ontvangen.<\/p>\n<p>[\/et_pb_text][et_pb_social_media_follow icon_color=\u00a0\u00bb#333333&Prime; use_icon_font_size=\u00a0\u00bbon\u00a0\u00bb icon_font_size=\u00a0\u00bb22px\u00a0\u00bb _builder_version=\u00a0\u00bb4.27.0&Prime; _module_preset=\u00a0\u00bbdefault\u00a0\u00bb background_color=\u00a0\u00bbRGBA(255,255,255,0)\u00a0\u00bb custom_button=\u00a0\u00bbon\u00a0\u00bb button_bg_color=\u00a0\u00bbRGBA(255,255,255,0)\u00a0\u00bb button_border_width=\u00a0\u00bb2px\u00a0\u00bb border_radii=\u00a0\u00bbon|25px|25px|25px|25px\u00a0\u00bb border_width_all=\u00a0\u00bb2px\u00a0\u00bb border_color_all=\u00a0\u00bb#FFFFFF\u00a0\u00bb global_colors_info=\u00a0\u00bb{}\u00a0\u00bb theme_builder_area=\u00a0\u00bbpost_content\u00a0\u00bb][et_pb_social_media_follow_network social_network=\u00a0\u00bbfacebook\u00a0\u00bb url=\u00a0\u00bbhttps:\/\/www.facebook.com\/enjoybeautywellbeing\/\u00a0\u00bb icon_color=\u00a0\u00bb#FFFFFF\u00a0\u00bb use_icon_font_size=\u00a0\u00bbon\u00a0\u00bb icon_font_size=\u00a0\u00bb22px\u00a0\u00bb _builder_version=\u00a0\u00bb4.27.0&Prime; _module_preset=\u00a0\u00bbdefault\u00a0\u00bb background_color=\u00a0\u00bbRGBA(255,255,255,0)\u00a0\u00bb background_enable_color=\u00a0\u00bbon\u00a0\u00bb global_colors_info=\u00a0\u00bb{}\u00a0\u00bb theme_builder_area=\u00a0\u00bbpost_content\u00a0\u00bb follow_button=\u00a0\u00bboff\u00a0\u00bb url_new_window=\u00a0\u00bbon\u00a0\u00bb]facebook[\/et_pb_social_media_follow_network][et_pb_social_media_follow_network social_network=\u00a0\u00bbinstagram\u00a0\u00bb url=\u00a0\u00bbhttps:\/\/www.instagram.com\/enjoy.beauty.eu\/\u00a0\u00bb icon_color=\u00a0\u00bb#FFFFFF\u00a0\u00bb use_icon_font_size=\u00a0\u00bbon\u00a0\u00bb icon_font_size=\u00a0\u00bb22px\u00a0\u00bb _builder_version=\u00a0\u00bb4.27.0&Prime; _module_preset=\u00a0\u00bbdefault\u00a0\u00bb background_color=\u00a0\u00bbRGBA(255,255,255,0)\u00a0\u00bb background_enable_color=\u00a0\u00bbon\u00a0\u00bb global_colors_info=\u00a0\u00bb{}\u00a0\u00bb theme_builder_area=\u00a0\u00bbpost_content\u00a0\u00bb follow_button=\u00a0\u00bboff\u00a0\u00bb url_new_window=\u00a0\u00bbon\u00a0\u00bb]instagram[\/et_pb_social_media_follow_network][\/et_pb_social_media_follow][\/et_pb_column][et_pb_column type=\u00a0\u00bb3_5&Prime; _builder_version=\u00a0\u00bb4.27.0&Prime; _module_preset=\u00a0\u00bbdefault\u00a0\u00bb global_colors_info=\u00a0\u00bb{}\u00a0\u00bb theme_builder_area=\u00a0\u00bbpost_content\u00a0\u00bb][dipi_gravity_forms_styler gf_form_id=\u00a0\u00bb17&Prime; form_title=\u00a0\u00bbhide\u00a0\u00bb form_desc=\u00a0\u00bbhide\u00a0\u00bb consent_field_label_bg_color=\u00a0\u00bbRGBA(255,255,255,0)\u00a0\u00bb _builder_version=\u00a0\u00bb4.27.0&Prime; _module_preset=\u00a0\u00bbdefault\u00a0\u00bb field_label_text_color=\u00a0\u00bb#FFFFFF\u00a0\u00bb consent_field_label_text_color=\u00a0\u00bb#FFFFFF\u00a0\u00bb global_colors_info=\u00a0\u00bb{}\u00a0\u00bb theme_builder_area=\u00a0\u00bbpost_content\u00a0\u00bb][\/dipi_gravity_forms_styler][\/et_pb_column][\/et_pb_row][\/et_pb_section]<\/p>\n","protected":false},"excerpt":{"rendered":"<p><div class=\"et_pb_module dipi_breadcrumbs dipi_breadcrumbs_0\">\n\t\t\t\t\n\t\t\t\t\n\t\t\t\t\n\t\t\t\t\n\t\t\t\t\n\t\t\t\t\n\t\t\t\t<div class=\"et_pb_module_inner\">\n\t\t\t\t\t<div class=\"dipi-breadcrumbs dipi-bc-left\">\n                <ul>\n                    \n                                                        <li class=\"dipi-breadcrumb-item dipi-breadcrumb-home\">\n\n                                                    <a href=\"\/fr\/enjoy-beauty-beaute-bien-etre\">\n                                <span content=\"Home\">ENJOY BEAUTY<\/span>\n                            <\/a>\n\n                                                <meta itemprop=\"position\" content=\"1\">                    <\/li>\n\n                    <li class=\"dipi-breadcrumb-separator\">\n                    <span class=\"dipi-separator-symbol\">\/<\/span>\n                <\/li>                            \n                <\/ul>\n            <\/div>\n\n\t\t\t\t<\/div>\n\t\t\t<\/div>Parfums et fragrancesD\u00e9couvrez nos astuces et conseils beaut\u00e9, o\u00f9 nous nous concentrons sur des parfums et des fragrances qui compl\u00e8tent votre style personnel et stimulent vos sens. Laissez nos conseils d\u2019experts vous guider dans la s\u00e9lection du parfum [&hellip;]<\/p>\n","protected":false},"author":21,"featured_media":0,"parent":21253931,"menu_order":0,"comment_status":"closed","ping_status":"closed","template":"","meta":{"_acf_changed":false,"_et_pb_use_builder":"on","_et_pb_old_content":"","_et_gb_content_width":"","_kad_blocks_custom_css":"","_kad_blocks_head_custom_js":"","_kad_blocks_body_custom_js":"","_kad_blocks_footer_custom_js":"","footnotes":""},"dipi_cpt_category":[],"class_list":["post-21253975","page","type-page","status-publish","hentry"],"acf":[],"yoast_head":"<!-- This site is optimized with the Yoast SEO plugin v23.1 - https:\/\/yoast.com\/wordpress\/plugins\/seo\/ -->\n<title>Parfums et fragrances pour des sens sublim\u00e9s<\/title>\n<meta name=\"description\" content=\"D\u00e9couvrez des conseils d&#039;experts pour choisir le parfum parfait qui rehaussera votre style et laissera une impression durable\" \/>\n<meta name=\"robots\" content=\"index, follow, max-snippet:-1, max-image-preview:large, max-video-preview:-1\" \/>\n<link rel=\"canonical\" href=\"https:\/\/enjoybeauty.eu\/fr\/guide-beaute\/parfums-et-fragrances\/\" \/>\n<meta property=\"og:locale\" content=\"fr_FR\" \/>\n<meta property=\"og:type\" content=\"article\" \/>\n<meta property=\"og:title\" content=\"Parfums et fragrances pour des sens sublim\u00e9s\" \/>\n<meta property=\"og:description\" content=\"D\u00e9couvrez des conseils d&#039;experts pour choisir le parfum parfait qui rehaussera votre style et laissera une impression durable\" \/>\n<meta property=\"og:url\" content=\"https:\/\/enjoybeauty.eu\/fr\/guide-beaute\/parfums-et-fragrances\/\" \/>\n<meta property=\"og:site_name\" content=\"ENJOYBEAUTY\" \/>\n<meta property=\"article:publisher\" content=\"https:\/\/www.facebook.com\/enjoybeautywellbeingNL\/\" \/>\n<meta property=\"article:modified_time\" content=\"2025-10-20T12:06:48+00:00\" \/>\n<meta property=\"og:image\" content=\"https:\/\/enjoybeauty.eu\/wp-content\/uploads\/2023\/10\/look-tutorials-1024x320.jpg\" \/>\n<meta name=\"twitter:card\" content=\"summary_large_image\" \/>\n<meta name=\"twitter:label1\" content=\"Dur\u00e9e de lecture estim\u00e9e\" \/>\n\t<meta name=\"twitter:data1\" content=\"1 minute\" \/>\n<script type=\"application\/ld+json\" class=\"yoast-schema-graph\">{\"@context\":\"https:\/\/schema.org\",\"@graph\":[{\"@type\":\"WebPage\",\"@id\":\"https:\/\/enjoybeauty.eu\/fr\/guide-beaute\/parfums-et-fragrances\/\",\"url\":\"https:\/\/enjoybeauty.eu\/fr\/guide-beaute\/parfums-et-fragrances\/\",\"name\":\"Parfums et fragrances pour des sens sublim\u00e9s\",\"isPartOf\":{\"@id\":\"https:\/\/enjoybeauty.eu\/fr\/#website\"},\"datePublished\":\"2024-02-22T14:24:03+00:00\",\"dateModified\":\"2025-10-20T12:06:48+00:00\",\"description\":\"D\u00e9couvrez des conseils d'experts pour choisir le parfum parfait qui rehaussera votre style et laissera une impression durable\",\"breadcrumb\":{\"@id\":\"https:\/\/enjoybeauty.eu\/fr\/guide-beaute\/parfums-et-fragrances\/#breadcrumb\"},\"inLanguage\":\"fr-FR\",\"potentialAction\":[{\"@type\":\"ReadAction\",\"target\":[\"https:\/\/enjoybeauty.eu\/fr\/guide-beaute\/parfums-et-fragrances\/\"]}]},{\"@type\":\"BreadcrumbList\",\"@id\":\"https:\/\/enjoybeauty.eu\/fr\/guide-beaute\/parfums-et-fragrances\/#breadcrumb\",\"itemListElement\":[{\"@type\":\"ListItem\",\"position\":1,\"name\":\"Guide beaut\u00e9\",\"item\":\"https:\/\/www.enjoybeauty.eu\/fr\/beautygids\/\"},{\"@type\":\"ListItem\",\"position\":2,\"name\":\"Parfums et fragrances\"}]},{\"@type\":\"WebSite\",\"@id\":\"https:\/\/enjoybeauty.eu\/fr\/#website\",\"url\":\"https:\/\/enjoybeauty.eu\/fr\/\",\"name\":\"ENJOYBEAUTY\",\"description\":\"Webshop verzorging, make-up &amp; parfums\",\"publisher\":{\"@id\":\"https:\/\/enjoybeauty.eu\/fr\/#organization\"},\"potentialAction\":[{\"@type\":\"SearchAction\",\"target\":{\"@type\":\"EntryPoint\",\"urlTemplate\":\"https:\/\/enjoybeauty.eu\/fr\/?s={search_term_string}\"},\"query-input\":\"required name=search_term_string\"}],\"inLanguage\":\"fr-FR\"},{\"@type\":\"Organization\",\"@id\":\"https:\/\/enjoybeauty.eu\/fr\/#organization\",\"name\":\"Enjoy Beauty Wellbeing\",\"url\":\"https:\/\/enjoybeauty.eu\/fr\/\",\"logo\":{\"@type\":\"ImageObject\",\"inLanguage\":\"fr-FR\",\"@id\":\"https:\/\/enjoybeauty.eu\/fr\/#\/schema\/logo\/image\/\",\"url\":\"https:\/\/enjoybeauty.eu\/wp-content\/uploads\/2023\/11\/logo-ebwellbeing-2-lines-black.svg\",\"contentUrl\":\"https:\/\/enjoybeauty.eu\/wp-content\/uploads\/2023\/11\/logo-ebwellbeing-2-lines-black.svg\",\"width\":480,\"height\":140,\"caption\":\"Enjoy Beauty Wellbeing\"},\"image\":{\"@id\":\"https:\/\/enjoybeauty.eu\/fr\/#\/schema\/logo\/image\/\"},\"sameAs\":[\"https:\/\/www.facebook.com\/enjoybeautywellbeingNL\/\"]}]}<\/script>\n<!-- \/ Yoast SEO plugin. -->","yoast_head_json":{"title":"Parfums et fragrances pour des sens sublim\u00e9s","description":"D\u00e9couvrez des conseils d'experts pour choisir le parfum parfait qui rehaussera votre style et laissera une impression durable","robots":{"index":"index","follow":"follow","max-snippet":"max-snippet:-1","max-image-preview":"max-image-preview:large","max-video-preview":"max-video-preview:-1"},"canonical":"https:\/\/enjoybeauty.eu\/fr\/guide-beaute\/parfums-et-fragrances\/","og_locale":"fr_FR","og_type":"article","og_title":"Parfums et fragrances pour des sens sublim\u00e9s","og_description":"D\u00e9couvrez des conseils d'experts pour choisir le parfum parfait qui rehaussera votre style et laissera une impression durable","og_url":"https:\/\/enjoybeauty.eu\/fr\/guide-beaute\/parfums-et-fragrances\/","og_site_name":"ENJOYBEAUTY","article_publisher":"https:\/\/www.facebook.com\/enjoybeautywellbeingNL\/","article_modified_time":"2025-10-20T12:06:48+00:00","og_image":[{"url":"https:\/\/enjoybeauty.eu\/wp-content\/uploads\/2023\/10\/look-tutorials-1024x320.jpg"}],"twitter_card":"summary_large_image","twitter_misc":{"Dur\u00e9e de lecture estim\u00e9e":"1 minute"},"schema":{"@context":"https:\/\/schema.org","@graph":[{"@type":"WebPage","@id":"https:\/\/enjoybeauty.eu\/fr\/guide-beaute\/parfums-et-fragrances\/","url":"https:\/\/enjoybeauty.eu\/fr\/guide-beaute\/parfums-et-fragrances\/","name":"Parfums et fragrances pour des sens sublim\u00e9s","isPartOf":{"@id":"https:\/\/enjoybeauty.eu\/fr\/#website"},"datePublished":"2024-02-22T14:24:03+00:00","dateModified":"2025-10-20T12:06:48+00:00","description":"D\u00e9couvrez des conseils d'experts pour choisir le parfum parfait qui rehaussera votre style et laissera une impression durable","breadcrumb":{"@id":"https:\/\/enjoybeauty.eu\/fr\/guide-beaute\/parfums-et-fragrances\/#breadcrumb"},"inLanguage":"fr-FR","potentialAction":[{"@type":"ReadAction","target":["https:\/\/enjoybeauty.eu\/fr\/guide-beaute\/parfums-et-fragrances\/"]}]},{"@type":"BreadcrumbList","@id":"https:\/\/enjoybeauty.eu\/fr\/guide-beaute\/parfums-et-fragrances\/#breadcrumb","itemListElement":[{"@type":"ListItem","position":1,"name":"Guide beaut\u00e9","item":"https:\/\/www.enjoybeauty.eu\/fr\/beautygids\/"},{"@type":"ListItem","position":2,"name":"Parfums et fragrances"}]},{"@type":"WebSite","@id":"https:\/\/enjoybeauty.eu\/fr\/#website","url":"https:\/\/enjoybeauty.eu\/fr\/","name":"ENJOYBEAUTY","description":"Webshop verzorging, make-up &amp; parfums","publisher":{"@id":"https:\/\/enjoybeauty.eu\/fr\/#organization"},"potentialAction":[{"@type":"SearchAction","target":{"@type":"EntryPoint","urlTemplate":"https:\/\/enjoybeauty.eu\/fr\/?s={search_term_string}"},"query-input":"required name=search_term_string"}],"inLanguage":"fr-FR"},{"@type":"Organization","@id":"https:\/\/enjoybeauty.eu\/fr\/#organization","name":"Enjoy Beauty Wellbeing","url":"https:\/\/enjoybeauty.eu\/fr\/","logo":{"@type":"ImageObject","inLanguage":"fr-FR","@id":"https:\/\/enjoybeauty.eu\/fr\/#\/schema\/logo\/image\/","url":"https:\/\/enjoybeauty.eu\/wp-content\/uploads\/2023\/11\/logo-ebwellbeing-2-lines-black.svg","contentUrl":"https:\/\/enjoybeauty.eu\/wp-content\/uploads\/2023\/11\/logo-ebwellbeing-2-lines-black.svg","width":480,"height":140,"caption":"Enjoy Beauty Wellbeing"},"image":{"@id":"https:\/\/enjoybeauty.eu\/fr\/#\/schema\/logo\/image\/"},"sameAs":["https:\/\/www.facebook.com\/enjoybeautywellbeingNL\/"]}]}},"taxonomy_info":[],"featured_image_src_large":false,"author_info":{"display_name":"admin","author_link":"https:\/\/enjoybeauty.eu\/fr\/author\/jeanweb-solution-way-com\/"},"comment_info":0,"publishpress_future_action":{"enabled":false,"date":"2026-04-11 11:41:50","action":"change-status","newStatus":"draft","terms":[],"taxonomy":"dipi_cpt_category"},"_links":{"self":[{"href":"https:\/\/enjoybeauty.eu\/fr\/wp-json\/wp\/v2\/pages\/21253975","targetHints":{"allow":["GET"]}}],"collection":[{"href":"https:\/\/enjoybeauty.eu\/fr\/wp-json\/wp\/v2\/pages"}],"about":[{"href":"https:\/\/enjoybeauty.eu\/fr\/wp-json\/wp\/v2\/types\/page"}],"author":[{"embeddable":true,"href":"https:\/\/enjoybeauty.eu\/fr\/wp-json\/wp\/v2\/users\/21"}],"replies":[{"embeddable":true,"href":"https:\/\/enjoybeauty.eu\/fr\/wp-json\/wp\/v2\/comments?post=21253975"}],"version-history":[{"count":9,"href":"https:\/\/enjoybeauty.eu\/fr\/wp-json\/wp\/v2\/pages\/21253975\/revisions"}],"predecessor-version":[{"id":25101652,"href":"https:\/\/enjoybeauty.eu\/fr\/wp-json\/wp\/v2\/pages\/21253975\/revisions\/25101652"}],"up":[{"embeddable":true,"href":"https:\/\/enjoybeauty.eu\/fr\/wp-json\/wp\/v2\/pages\/21253931"}],"wp:attachment":[{"href":"https:\/\/enjoybeauty.eu\/fr\/wp-json\/wp\/v2\/media?parent=21253975"}],"wp:term":[{"taxonomy":"dipi_cpt_category","embeddable":true,"href":"https:\/\/enjoybeauty.eu\/fr\/wp-json\/wp\/v2\/dipi_cpt_category?post=21253975"}],"curies":[{"name":"wp","href":"https:\/\/api.w.org\/{rel}","templated":true}]}}